{"id":98,"date":"2020-05-04T03:05:43","date_gmt":"2020-05-04T03:05:43","guid":{"rendered":"https:\/\/www.hack4growth.org\/?page_id=98"},"modified":"2020-05-04T03:05:43","modified_gmt":"2020-05-04T03:05:43","slug":"quyen-loi","status":"publish","type":"page","link":"https:\/\/www.hack4growth.org\/2021\/vi\/quyen-loi\/","title":{"rendered":"Quy\u1ec1n l\u1ee3i"},"content":{"rendered":"\n<h2 class=\"has-text-align-center my-5 text-center\"><span class=\"h-underline\">GI\u1ea2I TH\u01af\u1edeNG CU\u1ed8C THI<\/span><\/h2>\n\n\n\n<div class=\"wp-block-cover has-background-dim\" style=\"min-height:219px\"><img class=\"wp-block-cover__image-background wp-image-2070\" alt=\"\" src=\"https:\/\/www.hack4growth.org\/wp-content\/uploads\/2021\/06\/w1p2970131-1200x316.jpg\" data-object-fit=\"cover\" \/><div class=\"wp-block-cover__inner-container\">\n<h3 class=\"has-text-align-center\">GI\u1ea2I TH\u01af\u1edeNG TI\u1ec0N M\u1eb6T<\/h3>\n\n\n\n<p class=\"has-text-align-center\">Top 3 \u0111\u1ed9i d\u1eabn \u0111\u1ea7u c\u1ee7a <strong><em>Hack4Growth unlimited<\/em><\/strong><em>!<\/em> s\u1ebd nh\u1eadn ngay <strong>$10,000<\/strong> &#8211; <strong>$7,000<\/strong> &#8211; <strong>$5,000<\/strong><\/p>\n<\/div><\/div>\n\n\n\n<p><\/p>\n\n\n\n<div class=\"wp-block-columns px-xl-9\">\n<div class=\"wp-block-column\">\n<div class=\"wp-block-cover has-background-dim\"><img loading=\"lazy\" width=\"600\" height=\"604\" class=\"wp-block-cover__image-background wp-image-295\" alt=\"\" src=\"https:\/\/www.hack4growth.org\/2021\/wp-content\/uploads\/sites\/3\/2020\/05\/benefit-01.jpg\" data-object-fit=\"cover\" srcset=\"https:\/\/www.hack4growth.org\/2021\/wp-content\/uploads\/sites\/3\/2020\/05\/benefit-01.jpg 600w, https:\/\/www.hack4growth.org\/2021\/wp-content\/uploads\/sites\/3\/2020\/05\/benefit-01-298x300.jpg 298w, https:\/\/www.hack4growth.org\/2021\/wp-content\/uploads\/sites\/3\/2020\/05\/benefit-01-150x150.jpg 150w\" sizes=\"(max-width: 600px) 100vw, 600px\" \/><div class=\"wp-block-cover__inner-container\">\n<h3 class=\"has-text-align-center mb-3\"><br><br>\u0110\u00c0O T\u1ea0O <i class=\"d-block fa fa-angle-down\"><\/i><\/h3>\n\n\n\n<p class=\"has-text-align-center mb-0\">Ch\u01b0\u01a1ng tr\u00ecnh <strong>\u0111\u00e0o t\u1ea1o<\/strong> <br>v\u00e0 <strong>hu\u1ea5n luy\u1ec7n<\/strong> \u0111\u1eb3ng c\u1ea5p<br><br><\/p>\n<\/div><\/div>\n<\/div>\n\n\n\n<div class=\"wp-block-column\">\n<div class=\"wp-block-cover has-background-dim\"><img loading=\"lazy\" width=\"1254\" height=\"600\" class=\"wp-block-cover__image-background wp-image-299\" alt=\"\" src=\"https:\/\/www.hack4growth.org\/2021\/wp-content\/uploads\/sites\/3\/2020\/05\/benefit-05.jpg\" data-object-fit=\"cover\" srcset=\"https:\/\/www.hack4growth.org\/2021\/wp-content\/uploads\/sites\/3\/2020\/05\/benefit-05.jpg 1254w, https:\/\/www.hack4growth.org\/2021\/wp-content\/uploads\/sites\/3\/2020\/05\/benefit-05-300x144.jpg 300w, https:\/\/www.hack4growth.org\/2021\/wp-content\/uploads\/sites\/3\/2020\/05\/benefit-05-1024x490.jpg 1024w, https:\/\/www.hack4growth.org\/2021\/wp-content\/uploads\/sites\/3\/2020\/05\/benefit-05-768x367.jpg 768w\" sizes=\"(max-width: 1254px) 100vw, 1254px\" \/><div class=\"wp-block-cover__inner-container\">\n<h3 class=\"has-text-align-center mb-3\"><br><br>K\u1ebeT N\u1ed0I C\u00d9NG NG\u01af\u1edcI C\u00d3 T\u1ea6M \u1ea2NH H\u01af\u1edeNG <i class=\"d-block fa fa-angle-down\"><\/i><\/h3>\n\n\n\n<p class=\"has-text-align-center mb-0\">C\u01a1 h\u1ed9i <strong>\u0103n t\u1ed1i<\/strong> v\u1edbi m\u1ed9t trong <strong>15 CEOs<\/strong> v\u00e0 <strong>nh\u00e0 l\u00e3nh \u0111\u1ea1o<\/strong> h\u00e0ng \u0111\u1ea7u c\u1ee7a Vi\u1ec7t Nam<br><br><\/p>\n<\/div><\/div>\n<\/div>\n\n\n\n<div class=\"wp-block-column\">\n<div class=\"wp-block-cover has-background-dim\"><img loading=\"lazy\" width=\"1000\" height=\"750\" class=\"wp-block-cover__image-background wp-image-546\" alt=\"\" src=\"https:\/\/www.hack4growth.org\/2021\/wp-content\/uploads\/sites\/3\/2020\/06\/khac-phuc-loi-macbook-khong-nhan-iphone-1-min.jpg\" data-object-fit=\"cover\" srcset=\"https:\/\/www.hack4growth.org\/2021\/wp-content\/uploads\/sites\/3\/2020\/06\/khac-phuc-loi-macbook-khong-nhan-iphone-1-min.jpg 1000w, https:\/\/www.hack4growth.org\/2021\/wp-content\/uploads\/sites\/3\/2020\/06\/khac-phuc-loi-macbook-khong-nhan-iphone-1-min-300x225.jpg 300w, https:\/\/www.hack4growth.org\/2021\/wp-content\/uploads\/sites\/3\/2020\/06\/khac-phuc-loi-macbook-khong-nhan-iphone-1-min-768x576.jpg 768w\" sizes=\"(max-width: 1000px) 100vw, 1000px\" \/><div class=\"wp-block-cover__inner-container\">\n<h3 class=\"has-text-align-center mb-3\"><br><br>T\u00c0I KHO\u1ea2N CAO C\u1ea4P<i class=\"d-block fa fa-angle-down\"><\/i><\/h3>\n\n\n\n<p class=\"has-text-align-center mb-0\">S\u1edf h\u1eefu <strong>t\u00e0i kho\u1ea3n cao c\u1ea5p<\/strong> \u0111\u1ec3 k\u1ebft n\u1ed1i v\u1edbi h\u01a1n <strong>1,000 ng\u01b0\u1eddi d\u00f9ng<\/strong> tr\u00ean n\u1ec1n t\u1ea3ng \u0111\u1ed5i m\u1edbi s\u00e1ng t\u1ea1o c\u1ee7a AVSE Global<\/p>\n<\/div><\/div>\n<\/div>\n<\/div>\n\n\n\n<div style=\"height:50px\" aria-hidden=\"true\" class=\"wp-block-spacer\"><\/div>\n\n\n\n<h2 class=\"has-text-align-center text-center mb-5\"><span class=\"h-underline\">GI\u1ea2I TH\u01af\u1edeNG T\u1eea NH\u00c0 T\u00c0I TR\u1ee2<\/span><\/h2>\n\n\n\n<div class=\"wp-block-columns px-xl-9\">\n<div class=\"wp-block-column\">\n<div class=\"wp-block-cover has-background-dim-70 has-background-dim\" style=\"background-color:#02216c\"><img class=\"wp-block-cover__image-background wp-image-1980\" alt=\"\" src=\"https:\/\/www.hack4growth.org\/wp-content\/uploads\/2021\/05\/37730033_1436590769821136_1982816126584750080_n-scaled.jpg\" data-object-fit=\"cover\" \/><div class=\"wp-block-cover__inner-container\">\n<p class=\"has-text-align-center mb-0\">T\u00e0i tr\u1ee3 <strong>$5,000 USD<\/strong> cho \u0111\u1ed9i thi trong Top 10 do <strong>L\u1ea1c Vi\u1ec7t<\/strong> l\u1ef1a ch\u1ecdn. <br><\/p>\n<\/div><\/div>\n<\/div>\n\n\n\n<div class=\"wp-block-column\">\n<div class=\"wp-block-cover has-background-dim-70 has-background-dim\" style=\"background-color:#02216c\"><img class=\"wp-block-cover__image-background wp-image-1981\" alt=\"\" src=\"https:\/\/www.hack4growth.org\/wp-content\/uploads\/2021\/05\/AWS-scaled.jpg\" data-object-fit=\"cover\" \/><div class=\"wp-block-cover__inner-container\">\n<p class=\"has-text-align-center mb-0\">Nh\u1eadn ngay <strong>$10,000<\/strong> credits <br>cho m\u1ed7i b\u00e0i d\u1ef1 thi h\u1ee3p l\u1ec7<\/p>\n<\/div><\/div>\n<\/div>\n\n\n\n<div class=\"wp-block-column\">\n<div class=\"wp-block-cover has-background-dim-70 has-background-dim\" style=\"background-color:#02216c\"><img class=\"wp-block-cover__image-background wp-image-1982\" alt=\"\" src=\"https:\/\/www.hack4growth.org\/wp-content\/uploads\/2021\/05\/dev-scaled.jpg\" data-object-fit=\"cover\" \/><div class=\"wp-block-cover__inner-container\">\n<p class=\"has-text-align-center mb-0\">T\u00e0i tr\u1ee3 g\u00f3i ph\u00e1t tri\u1ec3n s\u1ea3n ph\u1ea9m <br>tr\u1ecb gi\u00e1 <strong>$20,000 <\/strong>cho \u0111\u1ed9i thi trong Top 10 do <strong>devtify <\/strong>l\u1ef1a ch\u1ecdn<\/p>\n<\/div><\/div>\n<\/div>\n<\/div>\n\n\n\n<div class=\"wp-block-columns px-xl-9\">\n<div class=\"wp-block-column\"><\/div>\n<\/div>\n\n\n\n<div class=\"wp-block-cover has-background-dim\" style=\"min-height:307px\"><img class=\"wp-block-cover__image-background wp-image-2001\" alt=\"\" src=\"https:\/\/www.hack4growth.org\/wp-content\/uploads\/2021\/05\/KV-FEX.png\" data-object-fit=\"cover\" \/><div class=\"wp-block-cover__inner-container\">\n<h1>\u200b<\/h1>\n\n\n\n<p class=\"has-text-align-center\">C\u01a1 h\u1ed9i l\u00e0m vi\u1ec7c v\u1edbi FE Credit, c\u00f4ng ty t\u00e0i ch\u00ednh ti\u00eau d\u00f9ng h\u00e0ng \u0111\u1ea7u Vi\u1ec7t Nam<\/p>\n\n\n\n<p class=\"has-text-align-center\">M\u1edf r\u1ed9ng quy m\u00f4 kinh doanh c\u1ee7a b\u1ea1n t\u1ea1i th\u1ecb tr\u01b0\u1eddng Vi\u1ec7t Nam<\/p>\n\n\n\n<p class=\"has-text-align-center\">C\u01a1 h\u1ed9i \u0111\u1ea1t \u0111\u01b0\u1ee3c m\u1ed9t h\u1ee3p \u0111\u1ed3ng th\u01b0\u01a1ng m\u1ea1i c\u00f3 gi\u00e1 tr\u1ecb l\u00ean \u0111\u1ebfn h\u00e0ng tri\u1ec7u \u0111\u00f4 la<\/p>\n<\/div><\/div>\n","protected":false},"excerpt":{"rendered":"GI\u1ea2I TH\u01af\u1edeNG CU\u1ed8C THI GI\u1ea2I TH\u01af\u1edeNG T\u1eea NH\u00c0 T\u00c0I TR\u1ee2","protected":false},"author":1,"featured_media":0,"parent":0,"menu_order":18,"comment_status":"closed","ping_status":"closed","template":"","meta":[],"_links":{"self":[{"href":"https:\/\/www.hack4growth.org\/2021\/wp-json\/wp\/v2\/pages\/98"}],"collection":[{"href":"https:\/\/www.hack4growth.org\/2021\/wp-json\/wp\/v2\/pages"}],"about":[{"href":"https:\/\/www.hack4growth.org\/2021\/wp-json\/wp\/v2\/types\/page"}],"author":[{"embeddable":true,"href":"https:\/\/www.hack4growth.org\/2021\/wp-json\/wp\/v2\/users\/1"}],"replies":[{"embeddable":true,"href":"https:\/\/www.hack4growth.org\/2021\/wp-json\/wp\/v2\/comments?post=98"}],"version-history":[{"count":0,"href":"https:\/\/www.hack4growth.org\/2021\/wp-json\/wp\/v2\/pages\/98\/revisions"}],"wp:attachment":[{"href":"https:\/\/www.hack4growth.org\/2021\/wp-json\/wp\/v2\/media?parent=98"}],"curies":[{"name":"wp","href":"https:\/\/api.w.org\/{rel}","templated":true}]}}