{"id":19,"date":"2020-05-08T08:20:08","date_gmt":"2020-05-08T08:20:08","guid":{"rendered":"http:\/\/wip.timevn.com\/hack4growth\/?page_id=19"},"modified":"2020-05-08T08:20:08","modified_gmt":"2020-05-08T08:20:08","slug":"register","status":"publish","type":"page","link":"https:\/\/www.hack4growth.org\/2021\/register\/","title":{"rendered":"Registration"},"content":{"rendered":"\n<div class=\"wp-block-group text-center\"><div class=\"wp-block-group__inner-container\">\n<h3 class=\"has-text-align-center h-underline mb-4\">BEFORE SUBMITTING<\/h3>\n\n\n\n<p class=\"has-text-align-center\">Please make sure you have thoroughly reviewed and fully consent to Hack4Growth <a href=\"https:\/\/www.hack4growth.org\/terms\/\">terms and conditions<\/a> on our website prior to submitting your application. <br>By uploading your submission, you have acknowledged full consent to Hack4Growth terms and conditions<\/i><\/p>\n<\/div><\/div>\n\n\n\n<div class=\"wp-block-columns py-9 px-xl-9 align-items-center\">\n<div class=\"wp-block-column\" style=\"flex-basis:60%\">\n<h3 class=\"h-underline mb-5\">INSTRUCTIONS<\/h3>\n\n\n\n<ul><li>Please download the template <b><a href=\"https:\/\/www.hack4growth.org\/2021\/wp-content\/uploads\/sites\/3\/2021\/04\/Form-dang-ky-du-thi-TIENG-ANH.docx\">HERE<\/a><\/b> and fill in all required information prior to submission. The organizer might request for additional information.<\/li><li>Once finished, please save the submission in PDF format of no more than 20MB (all text and images combined), the file name should be <b>(Team Name)_(Project Name)<\/b>. Any supporting files of format other than text or images please email us at <b>contact@hack4growth.org<\/b> for support and upload instructions. Please DO NOT try to upload any other formats than text and images in your main submission.<\/li><li>Our recommended font type is Arial font size 12. You can submit in either English or Vietnamese.<\/li><li>We only accept a one-time submission. You won\u2019t be able to change your application after uploading your submission.<\/li><\/ul>\n<\/div>\n\n\n\n<div class=\"wp-block-column pl-xl-5\" style=\"flex-basis:40%\">\n<figure class=\"wp-block-image size-large\"><img loading=\"lazy\" width=\"1020\" height=\"856\" src=\"https:\/\/www.hack4growth.org\/2021\/wp-content\/uploads\/sites\/3\/2020\/05\/img-register.png\" alt=\"\" class=\"wp-image-145\" srcset=\"https:\/\/www.hack4growth.org\/2021\/wp-content\/uploads\/sites\/3\/2020\/05\/img-register.png 1020w, https:\/\/www.hack4growth.org\/2021\/wp-content\/uploads\/sites\/3\/2020\/05\/img-register-300x252.png 300w, https:\/\/www.hack4growth.org\/2021\/wp-content\/uploads\/sites\/3\/2020\/05\/img-register-768x645.png 768w\" sizes=\"(max-width: 1020px) 100vw, 1020px\" \/><\/figure>\n<\/div>\n<\/div>\n\n\n\n<div class=\"wp-block-group text-center\"><div class=\"wp-block-group__inner-container\">\n<h3 class=\"has-text-align-center h-underline mb-5\">SUBMISSION<\/h3>\n<\/div><\/div>\n\n\n\n<div class=\"wp-block-group pb-9\"><div class=\"wp-block-group__inner-container\">\n\t<form class=\"register-form mx-auto\" action=\"https:\/\/www.hack4growth.org\/2021\/wp-admin\/admin-post.php\" method=\"POST\" enctype=\"multipart\/form-data\">\n\t\t<div class=\"main-form p-3 p-lg-7 p-xl-9\">\n\t\t\t<div class=\"form-row\">\n\t\t\t\t<div class=\"col-12 col-md-6 form-group\">\n\t\t\t\t\t<label class=\"form-label\">Team Name *<\/label>\n\t\t\t\t\t<input class=\"form-control\" type=\"text\" name=\"team_name\" required \/>\n\t\t\t\t<\/div>\n\t\t\t\t<div class=\"col-12 col-md-6 form-group\">\n\t\t\t\t\t<label class=\"form-label\">Project Name *<\/label>\n\t\t\t\t\t<input class=\"form-control\" type=\"text\" name=\"team_challenge\" required \/>\n\t\t\t\t<\/div>\n\t\t\t<\/div>\n\t\t\t<div class=\"form-group\">\n\t\t\t\t<label class=\"form-label\">Description *<\/label>\n\t\t\t\t<textarea class=\"form-control\" name=\"team_description\" required><\/textarea>\n\t\t\t<\/div>\n\t\t\t<div class=\"form-row\">\n\t\t\t\t<div class=\"col-12 col-md-4 form-group\">\n\t\t\t\t\t<label class=\"form-label\">Location *<\/label>\n\t\t\t\t\t<select class=\"form-control\" name=\"team_location\" required>\n\t\t\t\t\t\t<option value=\"\">Select one...<\/option>\n\t\t\t\t\t\t<option value=\"Europe\">Europe<\/option>\n\t\t\t\t\t\t<option value=\"North America\">North America<\/option>\n\t\t\t\t\t\t<option value=\"Japan\">Japan<\/option>\n\t\t\t\t\t\t<option value=\"Vietnam\">Vietnam<\/option>\n\t\t\t\t\t\t<option value=\"Others\">Others<\/option>\n\t\t\t\t\t<\/select>\n\t\t\t\t<\/div>\n\t\t\t\t<div class=\"col-12 col-md-4 form-group\">\n\t\t\t\t\t<label class=\"form-label\">Subject *<\/label>\n\t\t\t\t\t<select class=\"form-control\" name=\"team_subject\" required>\n\t\t\t\t\t\t<option value=\"\">Select one...<\/option>\n\t\t\t\t\t\t<option value=\"FE Credit x EXPARA\">FE Credit x EXPARA<\/option><option value=\"FE Credit x EXPARA\">FE Credit x EXPARA<\/option><option value=\"Industry &amp; Trade\">Industry &amp; Trade<\/option><option value=\"C\u00f4ng Th\u01b0\u01a1ng\">C\u00f4ng Th\u01b0\u01a1ng<\/option><option value=\"Digital transformation\">Digital transformation<\/option><option value=\"Chuy\u1ec3n \u0111\u1ed5i s\u1ed1\">Chuy\u1ec3n \u0111\u1ed5i s\u1ed1<\/option><option value=\"Smart cities and smart villages\">Smart cities and smart villages<\/option><option value=\"\u0110\u00f4 th\u1ecb &amp; N\u00f4ng th\u00f4n th\u00f4ng minh\">\u0110\u00f4 th\u1ecb &amp; N\u00f4ng th\u00f4n th\u00f4ng minh<\/option><option value=\"Education &amp; other social issues\">Education &amp; other social issues<\/option><option value=\"Gi\u00e1o d\u1ee5c &amp; c\u00e1c v\u1ea5n \u0111\u1ec1 x\u00e3 h\u1ed9i kh\u00e1c\">Gi\u00e1o d\u1ee5c &amp; c\u00e1c v\u1ea5n \u0111\u1ec1 x\u00e3 h\u1ed9i kh\u00e1c<\/option><option value=\"Culture &amp; tourism\">Culture &amp; tourism<\/option><option value=\"V\u0103n ho\u00e1, du l\u1ecbch\">V\u0103n ho\u00e1, du l\u1ecbch<\/option><option value=\"Healthcare\">Healthcare<\/option><option value=\"Y t\u1ebf\">Y t\u1ebf<\/option><option value=\"Information Technology &amp; media\">Information Technology &amp; media<\/option><option value=\"C\u00f4ng ngh\u1ec7 th\u00f4ng tin &amp; truy\u1ec1n th\u00f4ng\">C\u00f4ng ngh\u1ec7 th\u00f4ng tin &amp; truy\u1ec1n th\u00f4ng<\/option><option value=\"Environment\">Environment<\/option><option value=\"M\u00f4i tr\u01b0\u1eddng\">M\u00f4i tr\u01b0\u1eddng<\/option><option value=\"Agriculture\">Agriculture<\/option><option value=\"N\u00f4ng nghi\u1ec7p\">N\u00f4ng nghi\u1ec7p<\/option>\n\t\t\t\t\t<\/select>\n\t\t\t\t<\/div>\n\t\t\t\t<div class=\"col-12 col-md-4 form-group\">\n\t\t\t\t\t<label class=\"form-label\">Phase *<\/label>\n\t\t\t\t\t<select class=\"form-control\" name=\"team_phase\" required>\n\t\t\t\t\t\t<option value=\"\">Select one...<\/option>\n\t\t\t\t\t\t<option value=\"idea\">Idea<\/option>\n\t\t\t\t\t\t<option value=\"commercialization\">Commercialization<\/option>\n\t\t\t\t\t<\/select>\n\t\t\t\t<\/div>\n\t\t\t<\/div>\n\t\t\t<div class=\"border-top border-bottom py-4 my-3\">\n\t\t\t\t<div id=\"member_list\">\n\t<div class=\"member-item\">\n\t\t<div class=\"form-row\">\n\t\t\t<div class=\"col-12 col-md-6 form-group\">\n\t\t\t\t<label class=\"form-label\">Member Name *<\/label>\n\t\t\t\t<input class=\"form-control member-name\" type=\"text\" name=\"team_members[name][]\" required \/>\n\t\t\t<\/div>\n\t\t\t<div class=\"col-12 col-md-6 form-group\">\n\t\t\t\t<label class=\"form-label\">Email *<\/label>\n\t\t\t\t<input class=\"form-control\" type=\"email\" name=\"team_members[email][]\" required \/>\n\t\t\t<\/div>\n\t\t\t<div class=\"col-12 col-md-4 form-group\">\n\t\t\t\t<label class=\"form-label\">Phone<\/label>\n\t\t\t\t<input class=\"form-control\" type=\"number\" name=\"team_members[phone][]\" \/>\n\t\t\t<\/div>\n\t\t\t<div class=\"col-12 col-md-4 form-group\">\n\t\t\t\t<label class=\"form-label\">Date of birth<\/label>\n\t\t\t\t<input class=\"form-control\" type=\"date\" name=\"team_members[birth][]\" \/>\n\t\t\t<\/div>\n\t\t\t<div class=\"col-12 col-md-4 form-group\">\n\t\t\t\t<label class=\"form-label\">Nationality *<\/label>\n\t\t\t\t<select class=\"form-control\" name=\"team_members[nationality][]\" required>\n\t\t\t\t\t<option value=\"\">Select one...<\/option>\n\t\t\t\t\t<option value=\"afghan\">Afghan<\/option>\n\t\t\t\t\t<option value=\"albanian\">Albanian<\/option>\n\t\t\t\t\t<option value=\"algerian\">Algerian<\/option>\n\t\t\t\t\t<option value=\"american\">American<\/option>\n\t\t\t\t\t<option value=\"andorran\">Andorran<\/option>\n\t\t\t\t\t<option value=\"angolan\">Angolan<\/option>\n\t\t\t\t\t<option value=\"anguillan\">Anguillan<\/option>\n\t\t\t\t\t<option value=\"citizen-of-antigua-and-barbuda\">Citizen of Antigua and Barbuda<\/option>\n\t\t\t\t\t<option value=\"argentine\">Argentine<\/option>\n\t\t\t\t\t<option value=\"armenianaustralian\">ArmenianAustralian<\/option>\n\t\t\t\t\t<option value=\"austrian\">Austrian<\/option>\n\t\t\t\t\t<option value=\"azerbaijani\">Azerbaijani<\/option>\n\t\t\t\t\t<option value=\"bahamian\">Bahamian<\/option>\n\t\t\t\t\t<option value=\"bahraini\">Bahraini<\/option>\n\t\t\t\t\t<option value=\"bangladeshi\">Bangladeshi<\/option>\n\t\t\t\t\t<option value=\"barbadian\">Barbadian<\/option>\n\t\t\t\t\t<option value=\"belarusian\">Belarusian<\/option>\n\t\t\t\t\t<option value=\"belgian\">Belgian<\/option>\n\t\t\t\t\t<option value=\"belizean\">Belizean<\/option>\n\t\t\t\t\t<option value=\"beninese\">Beninese<\/option>\n\t\t\t\t\t<option value=\"bermudian\">Bermudian<\/option>\n\t\t\t\t\t<option value=\"bhutanese\">Bhutanese<\/option>\n\t\t\t\t\t<option value=\"bolivian\">Bolivian<\/option>\n\t\t\t\t\t<option value=\"citizen-of-bosnia-and-herzegovina\">Citizen of Bosnia and Herzegovina<\/option>\n\t\t\t\t\t<option value=\"botswanan\">Botswanan<\/option>\n\t\t\t\t\t<option value=\"brazilian\">Brazilian<\/option>\n\t\t\t\t\t<option value=\"british\">British<\/option>\n\t\t\t\t\t<option value=\"british-virgin-islander\">British Virgin Islander<\/option>\n\t\t\t\t\t<option value=\"bruneian\">Bruneian<\/option>\n\t\t\t\t\t<option value=\"bulgarian\">Bulgarian<\/option>\n\t\t\t\t\t<option value=\"burkinan\">Burkinan<\/option>\n\t\t\t\t\t<option value=\"burmese\">Burmese<\/option>\n\t\t\t\t\t<option value=\"burundian\">Burundian<\/option>\n\t\t\t\t\t<option value=\"cambodian\">Cambodian<\/option>\n\t\t\t\t\t<option value=\"cameroonian\">Cameroonian<\/option>\n\t\t\t\t\t<option value=\"canadian\">Canadian<\/option>\n\t\t\t\t\t<option value=\"cape-verdean\">Cape Verdean<\/option>\n\t\t\t\t\t<option value=\"cayman-islander\">Cayman Islander<\/option>\n\t\t\t\t\t<option value=\"central-african\">Central African<\/option>\n\t\t\t\t\t<option value=\"chadian\">Chadian<\/option>\n\t\t\t\t\t<option value=\"chilean\">Chilean<\/option>\n\t\t\t\t\t<option value=\"chinese\">Chinese<\/option>\n\t\t\t\t\t<option value=\"colombian\">Colombian<\/option>\n\t\t\t\t\t<option value=\"comoran\">Comoran<\/option>\n\t\t\t\t\t<option value=\"congolese-(congo)\">Congolese (Congo)<\/option>\n\t\t\t\t\t<option value=\"congolese-(drc)\">Congolese (DRC)<\/option>\n\t\t\t\t\t<option value=\"cook-islander\">Cook Islander<\/option>\n\t\t\t\t\t<option value=\"costa-rican\">Costa Rican<\/option>\n\t\t\t\t\t<option value=\"croatian\">Croatian<\/option>\n\t\t\t\t\t<option value=\"cuban\">Cuban<\/option>\n\t\t\t\t\t<option value=\"cymraes\">Cymraes<\/option>\n\t\t\t\t\t<option value=\"cymro\">Cymro<\/option>\n\t\t\t\t\t<option value=\"cypriot\">Cypriot<\/option>\n\t\t\t\t\t<option value=\"czech\">Czech<\/option>\n\t\t\t\t\t<option value=\"danish\">Danish<\/option>\n\t\t\t\t\t<option value=\"djiboutian\">Djiboutian<\/option>\n\t\t\t\t\t<option value=\"dominican\">Dominican<\/option>\n\t\t\t\t\t<option value=\"citizen-of-the-dominican-republic\">Citizen of the Dominican Republic<\/option>\n\t\t\t\t\t<option value=\"dutch\">Dutch<\/option>\n\t\t\t\t\t<option value=\"east-timorese\">East Timorese<\/option>\n\t\t\t\t\t<option value=\"ecuadorean\">Ecuadorean<\/option>\n\t\t\t\t\t<option value=\"egyptian\">Egyptian<\/option>\n\t\t\t\t\t<option value=\"emirati\">Emirati<\/option>\n\t\t\t\t\t<option value=\"english\">English<\/option>\n\t\t\t\t\t<option value=\"equatorial-guinean\">Equatorial Guinean<\/option>\n\t\t\t\t\t<option value=\"eritrean\">Eritrean<\/option>\n\t\t\t\t\t<option value=\"estonian\">Estonian<\/option>\n\t\t\t\t\t<option value=\"ethiopian\">Ethiopian<\/option>\n\t\t\t\t\t<option value=\"faroese\">Faroese<\/option>\n\t\t\t\t\t<option value=\"fijian\">Fijian<\/option>\n\t\t\t\t\t<option value=\"filipino\">Filipino<\/option>\n\t\t\t\t\t<option value=\"finnish\">Finnish<\/option>\n\t\t\t\t\t<option value=\"french\">French<\/option>\n\t\t\t\t\t<option value=\"gabonese\">Gabonese<\/option>\n\t\t\t\t\t<option value=\"gambian\">Gambian<\/option>\n\t\t\t\t\t<option value=\"georgian\">Georgian<\/option>\n\t\t\t\t\t<option value=\"german\">German<\/option>\n\t\t\t\t\t<option value=\"ghanaian\">Ghanaian<\/option>\n\t\t\t\t\t<option value=\"gibraltarian\">Gibraltarian<\/option>\n\t\t\t\t\t<option value=\"greek\">Greek<\/option>\n\t\t\t\t\t<option value=\"greenlandic\">Greenlandic<\/option>\n\t\t\t\t\t<option value=\"grenadian\">Grenadian<\/option>\n\t\t\t\t\t<option value=\"guamanian\">Guamanian<\/option>\n\t\t\t\t\t<option value=\"guatemalan\">Guatemalan<\/option>\n\t\t\t\t\t<option value=\"citizen-of-guinea-bissau\">Citizen of Guinea-Bissau<\/option>\n\t\t\t\t\t<option value=\"guinean\">Guinean<\/option>\n\t\t\t\t\t<option value=\"guyanese\">Guyanese<\/option>\n\t\t\t\t\t<option value=\"haitian\">Haitian<\/option>\n\t\t\t\t\t<option value=\"honduran\">Honduran<\/option>\n\t\t\t\t\t<option value=\"hong-konger\">Hong Konger<\/option>\n\t\t\t\t\t<option value=\"hungarian\">Hungarian<\/option>\n\t\t\t\t\t<option value=\"icelandic\">Icelandic<\/option>\n\t\t\t\t\t<option value=\"indian\">Indian<\/option>\n\t\t\t\t\t<option value=\"indonesian\">Indonesian<\/option>\n\t\t\t\t\t<option value=\"iranian\">Iranian<\/option>\n\t\t\t\t\t<option value=\"iraqi\">Iraqi<\/option>\n\t\t\t\t\t<option value=\"irish\">Irish<\/option>\n\t\t\t\t\t<option value=\"israeli\">Israeli<\/option>\n\t\t\t\t\t<option value=\"italian\">Italian<\/option>\n\t\t\t\t\t<option value=\"ivorian\">Ivorian<\/option>\n\t\t\t\t\t<option value=\"jamaican\">Jamaican<\/option>\n\t\t\t\t\t<option value=\"japanese\">Japanese<\/option>\n\t\t\t\t\t<option value=\"jordanian\">Jordanian<\/option>\n\t\t\t\t\t<option value=\"kazakh\">Kazakh<\/option>\n\t\t\t\t\t<option value=\"kenyan\">Kenyan<\/option>\n\t\t\t\t\t<option value=\"kittitian\">Kittitian<\/option>\n\t\t\t\t\t<option value=\"citizen-of-kiribati\">Citizen of Kiribati<\/option>\n\t\t\t\t\t<option value=\"kosovan\">Kosovan<\/option>\n\t\t\t\t\t<option value=\"kuwaiti\">Kuwaiti<\/option>\n\t\t\t\t\t<option value=\"kyrgyz\">Kyrgyz<\/option>\n\t\t\t\t\t<option value=\"lao\">Lao<\/option>\n\t\t\t\t\t<option value=\"latvian\">Latvian<\/option>\n\t\t\t\t\t<option value=\"lebanese\">Lebanese<\/option>\n\t\t\t\t\t<option value=\"liberian\">Liberian<\/option>\n\t\t\t\t\t<option value=\"libyan\">Libyan<\/option>\n\t\t\t\t\t<option value=\"liechtenstein-citizen\">Liechtenstein citizen<\/option>\n\t\t\t\t\t<option value=\"lithuanian\">Lithuanian<\/option>\n\t\t\t\t\t<option value=\"luxembourger\">Luxembourger<\/option>\n\t\t\t\t\t<option value=\"macanese\">Macanese<\/option>\n\t\t\t\t\t<option value=\"macedonian\">Macedonian<\/option>\n\t\t\t\t\t<option value=\"malagasy\">Malagasy<\/option>\n\t\t\t\t\t<option value=\"malawian\">Malawian<\/option>\n\t\t\t\t\t<option value=\"malaysian\">Malaysian<\/option>\n\t\t\t\t\t<option value=\"maldivian\">Maldivian<\/option>\n\t\t\t\t\t<option value=\"malian\">Malian<\/option>\n\t\t\t\t\t<option value=\"maltese\">Maltese<\/option>\n\t\t\t\t\t<option value=\"marshallese\">Marshallese<\/option>\n\t\t\t\t\t<option value=\"martiniquais\">Martiniquais<\/option>\n\t\t\t\t\t<option value=\"mauritanian\">Mauritanian<\/option>\n\t\t\t\t\t<option value=\"mauritian\">Mauritian<\/option>\n\t\t\t\t\t<option value=\"mexican\">Mexican<\/option>\n\t\t\t\t\t<option value=\"micronesian\">Micronesian<\/option>\n\t\t\t\t\t<option value=\"moldovan\">Moldovan<\/option>\n\t\t\t\t\t<option value=\"monegasque\">Monegasque<\/option>\n\t\t\t\t\t<option value=\"mongolian\">Mongolian<\/option>\n\t\t\t\t\t<option value=\"montenegrin\">Montenegrin<\/option>\n\t\t\t\t\t<option value=\"montserratian\">Montserratian<\/option>\n\t\t\t\t\t<option value=\"moroccan\">Moroccan<\/option>\n\t\t\t\t\t<option value=\"mosotho\">Mosotho<\/option>\n\t\t\t\t\t<option value=\"mozambican\">Mozambican<\/option>\n\t\t\t\t\t<option value=\"namibian\">Namibian<\/option>\n\t\t\t\t\t<option value=\"nauruan\">Nauruan<\/option>\n\t\t\t\t\t<option value=\"nepalese\">Nepalese<\/option>\n\t\t\t\t\t<option value=\"new-zealander\">New Zealander<\/option>\n\t\t\t\t\t<option value=\"nicaraguan\">Nicaraguan<\/option>\n\t\t\t\t\t<option value=\"nigerian\">Nigerian<\/option>\n\t\t\t\t\t<option value=\"nigerien\">Nigerien<\/option>\n\t\t\t\t\t<option value=\"niuean\">Niuean<\/option>\n\t\t\t\t\t<option value=\"north-korean\">North Korean<\/option>\n\t\t\t\t\t<option value=\"northern-irish\">Northern Irish<\/option>\n\t\t\t\t\t<option value=\"norwegian\">Norwegian<\/option>\n\t\t\t\t\t<option value=\"omani\">Omani<\/option>\n\t\t\t\t\t<option value=\"pakistani\">Pakistani<\/option>\n\t\t\t\t\t<option value=\"palauan\">Palauan<\/option>\n\t\t\t\t\t<option value=\"palestinian\">Palestinian<\/option>\n\t\t\t\t\t<option value=\"panamanian\">Panamanian<\/option>\n\t\t\t\t\t<option value=\"papua-new-guinean\">Papua New Guinean<\/option>\n\t\t\t\t\t<option value=\"paraguayan\">Paraguayan<\/option>\n\t\t\t\t\t<option value=\"peruvian\">Peruvian<\/option>\n\t\t\t\t\t<option value=\"pitcairn-islander\">Pitcairn Islander<\/option>\n\t\t\t\t\t<option value=\"polish\">Polish<\/option>\n\t\t\t\t\t<option value=\"portuguese\">Portuguese<\/option>\n\t\t\t\t\t<option value=\"prydeinig\">Prydeinig<\/option>\n\t\t\t\t\t<option value=\"puerto-rican\">Puerto Rican<\/option>\n\t\t\t\t\t<option value=\"qatari\">Qatari<\/option>\n\t\t\t\t\t<option value=\"romanian\">Romanian<\/option>\n\t\t\t\t\t<option value=\"russian\">Russian<\/option>\n\t\t\t\t\t<option value=\"rwandan\">Rwandan<\/option>\n\t\t\t\t\t<option value=\"salvadorean\">Salvadorean<\/option>\n\t\t\t\t\t<option value=\"sammarinese\">Sammarinese<\/option>\n\t\t\t\t\t<option value=\"samoan\">Samoan<\/option>\n\t\t\t\t\t<option value=\"sao-tomean\">Sao Tomean<\/option>\n\t\t\t\t\t<option value=\"saudi-arabian\">Saudi Arabian<\/option>\n\t\t\t\t\t<option value=\"scottish\">Scottish<\/option>\n\t\t\t\t\t<option value=\"senegalese\">Senegalese<\/option>\n\t\t\t\t\t<option value=\"serbian\">Serbian<\/option>\n\t\t\t\t\t<option value=\"citizen-of-seychelles\">Citizen of Seychelles<\/option>\n\t\t\t\t\t<option value=\"sierra-leonean\">Sierra Leonean<\/option>\n\t\t\t\t\t<option value=\"singaporean\">Singaporean<\/option>\n\t\t\t\t\t<option value=\"slovak\">Slovak<\/option>\n\t\t\t\t\t<option value=\"slovenian\">Slovenian<\/option>\n\t\t\t\t\t<option value=\"solomon-islander\">Solomon Islander<\/option>\n\t\t\t\t\t<option value=\"somali\">Somali<\/option>\n\t\t\t\t\t<option value=\"south-african\">South African<\/option>\n\t\t\t\t\t<option value=\"south-korean\">South Korean<\/option>\n\t\t\t\t\t<option value=\"south-sudanese\">South Sudanese<\/option>\n\t\t\t\t\t<option value=\"spanish\">Spanish<\/option>\n\t\t\t\t\t<option value=\"sri-lankan\">Sri Lankan<\/option>\n\t\t\t\t\t<option value=\"st-helenian\">St Helenian<\/option>\n\t\t\t\t\t<option value=\"st-lucian\">St Lucian<\/option>\n\t\t\t\t\t<option value=\"stateless\">Stateless<\/option>\n\t\t\t\t\t<option value=\"sudanese\">Sudanese<\/option>\n\t\t\t\t\t<option value=\"surinamese\">Surinamese<\/option>\n\t\t\t\t\t<option value=\"swazi\">Swazi<\/option>\n\t\t\t\t\t<option value=\"swedish\">Swedish<\/option>\n\t\t\t\t\t<option value=\"swiss\">Swiss<\/option>\n\t\t\t\t\t<option value=\"syrian\">Syrian<\/option>\n\t\t\t\t\t<option value=\"taiwanese\">Taiwanese<\/option>\n\t\t\t\t\t<option value=\"tajik\">Tajik<\/option>\n\t\t\t\t\t<option value=\"tanzanian\">Tanzanian<\/option>\n\t\t\t\t\t<option value=\"thai\">Thai<\/option>\n\t\t\t\t\t<option value=\"togolese\">Togolese<\/option>\n\t\t\t\t\t<option value=\"tongan\">Tongan<\/option>\n\t\t\t\t\t<option value=\"trinidadian\">Trinidadian<\/option>\n\t\t\t\t\t<option value=\"tristanian\">Tristanian<\/option>\n\t\t\t\t\t<option value=\"tunisian\">Tunisian<\/option>\n\t\t\t\t\t<option value=\"turkish\">Turkish<\/option>\n\t\t\t\t\t<option value=\"turkmen\">Turkmen<\/option>\n\t\t\t\t\t<option value=\"turks-and-caicos-islander\">Turks and Caicos Islander<\/option>\n\t\t\t\t\t<option value=\"tuvaluan\">Tuvaluan<\/option>\n\t\t\t\t\t<option value=\"ugandan\">Ugandan<\/option>\n\t\t\t\t\t<option value=\"ukrainian\">Ukrainian<\/option>\n\t\t\t\t\t<option value=\"uruguayan\">Uruguayan<\/option>\n\t\t\t\t\t<option value=\"uzbek\">Uzbek<\/option>\n\t\t\t\t\t<option value=\"vatican-citizen\">Vatican citizen<\/option>\n\t\t\t\t\t<option value=\"citizen-of-vanuatu\">Citizen of Vanuatu<\/option>\n\t\t\t\t\t<option value=\"venezuelan\">Venezuelan<\/option>\n\t\t\t\t\t<option value=\"vietnamese\">Vietnamese<\/option>\n\t\t\t\t\t<option value=\"vincentian\">Vincentian<\/option>\n\t\t\t\t\t<option value=\"wallisian\">Wallisian<\/option>\n\t\t\t\t\t<option value=\"welsh\">Welsh<\/option>\n\t\t\t\t\t<option value=\"yemeni\">Yemeni<\/option>\n\t\t\t\t\t<option value=\"zambian\">Zambian<\/option>\n\t\t\t\t\t<option value=\"zimbabwean\">Zimbabwean<\/option>\n\t\t\t\t<\/select>\n\t\t\t<\/div>\n\t\t<\/div>\n\t\t<div class=\"text-right\">\n\t\t\t<a class=\"text-danger text-right small remove-member\" href=\"#\">Remove Member<\/a>\n\t\t<\/div>\n\t\t<hr class=\"border-white-20\" \/>\n\t<\/div><\/div>\n\t\t\t\t<div class=\"d-flex align-items-center\">\n\t\t\t\t\t<span>Add Member<\/span>\n\t\t\t\t\t<button class=\"btn-blue ml-2 text-white\" type=\"button\" id=\"add_member\">+<\/button>\n\t\t\t\t<\/div>\n\t\t\t<\/div>\n\t\t\t\n\t\t\t<div class=\"form-group\">\n\t\t\t\t<label class=\"form-label\">Submission Form *<\/label>\n\t\t\t\t<input class=\"form-control\" type=\"file\" name=\"submission\" required \/>\n\t\t\t\t<small class=\"text-light\">We accept PDF, Excel and Word file no more than 20 MB.<\/small>\n\t\t\t<\/div>\n\t\t\t<div class=\"form-group\">\n\t\t\t\t<label class=\"form-label pr-5\">Has this submission been awarded in any contest?<\/label>\n\t\t\t\t<div class=\"d-inline-block\">\n\t\t\t\t\t<div class=\"form-check form-check-inline pr-3\">\n\t\t\t\t\t\t<input class=\"form-check-input\" type=\"radio\" name=\"team_awarded_check\" id=\"team_awarded_yes\" value=\"Yes\" \/>\n\t\t          \t\t<label class=\"form-check-label\" for=\"team_awarded_yes\">Yes<\/label>\n\t\t          \t<\/div>\n\t\t\t\t\t<div class=\"form-check form-check-inline\">\n\t\t\t\t\t\t<input class=\"form-check-input\" type=\"radio\" name=\"team_awarded_check\" id=\"team_awarded_no\" value=\"No\" \/>\n\t\t          \t\t<label class=\"form-check-label\" for=\"team_awarded_no\">No<\/label>\n\t\t          \t<\/div>\n\t\t        <\/div>\n\t\t\t<\/div>\n\t\t\t<div class=\"form-group\">\n\t\t\t\t<label class=\"form-label\">If yes, please enter additional information<\/label>\n\t\t\t\t<textarea class=\"form-control\" name=\"team_awarded\"><\/textarea>\n\t\t\t<\/div>\n\t\t\t<div class=\"form-group\">\n\t\t\t\t<div>\n\t\t\t\t\t<div class=\"form-check\">\n\t\t\t\t\t\t<input class=\"form-check-input\" type=\"checkbox\" name=\"terms_agree\" id=\"terms_agree\" value=\"1\" required \/>\n\t\t          \t\t<label class=\"form-check-label\" for=\"terms_agree\">I have read and fully consent with <a target=\"_blank\" href=\"https:\/\/www.hack4growth.org\/2021\/register\/\">Terms and Conditions<\/a><\/label>\n\t\t          \t<\/div>\n\t\t        <\/div>\n\t\t\t<\/div>\n\t\t<\/div>\n\t\t<div class=\"d-flex flex-wrap justify-content-center mt-5\">\n\t\t\t<div class=\"g-recaptcha mb-5\" data-sitekey=\"6LchpvQUAAAAAGsXLgS4-If_F2cLWFc6XflCeNMH\"><\/div>\n\t\t\t<input type=\"hidden\" name=\"redirect\" value=\"https:\/\/www.hack4growth.org\/2021\/register\/\" \/>\n\t\t\t<input type=\"hidden\" name=\"action\" value=\"register_submit\" \/>\n\t\t\t<button class=\"btn btn-gradient rounded text-uppercase px-9 mb-5\">Send<\/button>\n\t\t<\/div>\n\t\t<script src=\"https:\/\/www.google.com\/recaptcha\/api.js\"><\/script>\n\t<\/form>\n\t\n<\/div><\/div>\n","protected":false},"excerpt":{"rendered":"INSTRUCTIONS Please download the template HERE and fill in all required information prior to submission. The organizer might request for [&hellip;]","protected":false},"author":1,"featured_media":0,"parent":0,"menu_order":10,"comment_status":"closed","ping_status":"closed","template":"","meta":[],"_links":{"self":[{"href":"https:\/\/www.hack4growth.org\/2021\/wp-json\/wp\/v2\/pages\/19"}],"collection":[{"href":"https:\/\/www.hack4growth.org\/2021\/wp-json\/wp\/v2\/pages"}],"about":[{"href":"https:\/\/www.hack4growth.org\/2021\/wp-json\/wp\/v2\/types\/page"}],"author":[{"embeddable":true,"href":"https:\/\/www.hack4growth.org\/2021\/wp-json\/wp\/v2\/users\/1"}],"replies":[{"embeddable":true,"href":"https:\/\/www.hack4growth.org\/2021\/wp-json\/wp\/v2\/comments?post=19"}],"version-history":[{"count":0,"href":"https:\/\/www.hack4growth.org\/2021\/wp-json\/wp\/v2\/pages\/19\/revisions"}],"wp:attachment":[{"href":"https:\/\/www.hack4growth.org\/2021\/wp-json\/wp\/v2\/media?parent=19"}],"curies":[{"name":"wp","href":"https:\/\/api.w.org\/{rel}","templated":true}]}}