{"id":102,"date":"2020-05-08T08:18:38","date_gmt":"2020-05-08T08:18:38","guid":{"rendered":"https:\/\/www.hack4growth.org\/?page_id=102"},"modified":"2020-05-08T08:18:38","modified_gmt":"2020-05-08T08:18:38","slug":"tin-tuc","status":"publish","type":"page","link":"https:\/\/www.hack4growth.org\/2021\/vi\/tin-tuc\/","title":{"rendered":"Tin t\u1ee9c"},"content":{"rendered":"\n<h2 class=\"mb-6 h-underline\">Tin n\u1ed5i b\u1eadt<\/h2>\n\n\n<div class=\"news-featured bg-white-05\"><div class=\"row\"><div class=\"col-md-8\"><a class=\"img-thumbcrop img-thumbcrop-4by3 img-thumbcrop-md-3by2 img-thumbcrop-xl-16by9\" style=\"min-height: 100%;\" href=\"https:\/\/www.hack4growth.org\/2021\/vi\/2021\/04\/26\/phat-dong-cuoc-thi-doi-moi-sang-tao-hack4growth-season-2-unlimited-2\/\"><\/a><\/div><div class=\"col-md-4\"><div class=\"d-flex flex-column justify-content-between h-100 p-4 pl-md-3\"><div class=\"mb-4\"><h3 class=\"mb-3 h-underline\"><a class=\"text-white text-decoration-none\" href=\"https:\/\/www.hack4growth.org\/2021\/vi\/2021\/04\/26\/phat-dong-cuoc-thi-doi-moi-sang-tao-hack4growth-season-2-unlimited-2\/\">Ph\u00e1t \u0111\u1ed9ng cu\u1ed9c thi \u0110\u1ed5i m\u1edbi s\u00e1ng t\u1ea1o Hack4Growth Season 2 &#8211; Unlimited<\/a><\/h3><small class=\"d-block my-3\"><i class=\"fa fa-clock-o\"><\/i>&nbsp;April 26, 2021<\/small><p class=\"mb-0\">Hack4Growth l\u00e0 cu\u1ed9c thi \u0110\u1ed5i m\u1edbi s\u00e1ng t\u1ea1o do&nbsp;T\u1ed5 ch\u1ee9c Khoa h\u1ecdc v\u00e0 Chuy\u00ean gia Vi\u1ec7t Nam To\u00e0n c\u1ea7u (AVSE [&hellip;]<\/p><\/div><p class=\"mb-0\"><a class=\"text-white\" href=\"https:\/\/www.hack4growth.org\/2021\/vi\/2021\/04\/26\/phat-dong-cuoc-thi-doi-moi-sang-tao-hack4growth-season-2-unlimited-2\/\">View More &nbsp;<i class=\"fa fa-plus-circle\"><\/i><\/a><\/p><\/div><\/div><\/div><\/div>\n\n\n\n<div style=\"height:96px\" aria-hidden=\"true\" class=\"wp-block-spacer\"><\/div>\n\n\n\n<h2 class=\"mb-6 h-underline\">Tin m\u1edbi<\/h2>\n\n\n<div id=\"news_listing_row\" class=\"news-listing row\"><div class=\"col-sm-6 col-lg-4 mb-4\">\n\t<a class=\"item d-block position-relative bg-primary-secondary text-white overflow-hidden\" href=\"https:\/\/www.hack4growth.org\/2021\/vi\/2021\/12\/31\/le-trao-giai-hack4growth-unlimited-2021-vinh-danh-cac-nha-sang-tao-nguoi-viet-tren-toan-the-gioi\/\">\n\t\t<div class=\"thumbnail transition-300ms bg-white-15 img-thumbcrop img-thumbcrop-md-4by3\">\n\t\t<\/div>\n\t\t<div class=\"title transition-300ms position-absolute position-left-bottom bg-primary-secondary w-100 px-4 py-3\">\n\t\t\t<h5 class=\"font-base font-weight-bolder text-truncate mt-2 mb-0\">L\u1ec5 trao gi\u1ea3i Hack4Growth unlimited 2021 &#8211; vinh danh c\u00e1c nh\u00e0 s\u00e1ng t\u1ea1o ng\u01b0\u1eddi Vi\u1ec7t tr\u00ean to\u00e0n th\u1ebf gi\u1edbi<\/h5>\n\t\t\t<small class=\"title mb-1 text-white-75\"><i class=\"fa fa-clock-o\"><\/i>&nbsp; December 31, 2021<\/small>\n\t\t<\/div>\n\t\t<div class=\"excerpt opacity-0 transition-300ms d-block position-absolute position-left-top w-100 h-100 p-4 d-flex flex-column justify-content-between\" href=\"https:\/\/www.hack4growth.org\/2021\/vi\/2021\/12\/31\/le-trao-giai-hack4growth-unlimited-2021-vinh-danh-cac-nha-sang-tao-nguoi-viet-tren-toan-the-gioi\/\">\n\t\t\t<div>\n\t\t\t\t<h5 class=\"font-base font-weight-bolder my-2\">L\u1ec5 trao gi\u1ea3i Hack4Growth unlimited 2021 &#8211; vinh danh c\u00e1c nh\u00e0 s\u00e1ng t\u1ea1o ng\u01b0\u1eddi Vi\u1ec7t tr\u00ean to\u00e0n th\u1ebf gi\u1edbi<\/h5>\n\t\t\t\t<small class=\"d-block my-3\"><i class=\"fa fa-clock-o\"><\/i>&nbsp;December 31, 2021<\/small>\n\t\t\t\t<p class=\"mb-2\">Hack4Growth unlimited 2021 l\u00e0 cu\u1ed9c thi \u0110\u1ed5i m\u1edbi s\u00e1ng t\u1ea1o to\u00e0n c\u1ea7u do T\u1ed5 ch\u1ee9c Khoa h\u1ecdc v\u00e0 Chuy\u00ean gia [&hellip;]<\/p>\n\t\t\t<\/div>\n\t\t\t<div>\n\t\t\t\t<p class=\"mb-0\">View More &nbsp;<i class=\"fa fa-plus-circle\"><\/i><\/p>\n\t\t\t<\/div>\n\t\t<\/div>\n\t<\/a><\/div><div class=\"col-sm-6 col-lg-4 mb-4\">\n\t<a class=\"item d-block position-relative bg-primary-secondary text-white overflow-hidden\" href=\"https:\/\/www.hack4growth.org\/2021\/vi\/2021\/12\/31\/tich-diem-x3-cung-vcb-rewards\/\">\n\t\t<div class=\"thumbnail transition-300ms bg-white-15 img-thumbcrop img-thumbcrop-md-4by3\">\n\t\t<\/div>\n\t\t<div class=\"title transition-300ms position-absolute position-left-bottom bg-primary-secondary w-100 px-4 py-3\">\n\t\t\t<h5 class=\"font-base font-weight-bolder text-truncate mt-2 mb-0\">T\u00cdCH \u0110I\u1ec2M X3 C\u00d9NG VCB REWARDS<\/h5>\n\t\t\t<small class=\"title mb-1 text-white-75\"><i class=\"fa fa-clock-o\"><\/i>&nbsp; December 31, 2021<\/small>\n\t\t<\/div>\n\t\t<div class=\"excerpt opacity-0 transition-300ms d-block position-absolute position-left-top w-100 h-100 p-4 d-flex flex-column justify-content-between\" href=\"https:\/\/www.hack4growth.org\/2021\/vi\/2021\/12\/31\/tich-diem-x3-cung-vcb-rewards\/\">\n\t\t\t<div>\n\t\t\t\t<h5 class=\"font-base font-weight-bolder my-2\">T\u00cdCH \u0110I\u1ec2M X3 C\u00d9NG VCB REWARDS<\/h5>\n\t\t\t\t<small class=\"d-block my-3\"><i class=\"fa fa-clock-o\"><\/i>&nbsp;December 31, 2021<\/small>\n\t\t\t\t<p class=\"mb-2\">Ch\u00e0o \u0111\u00f3n n\u0103m m\u1edbi 2022, Vietcombank d\u00e0nh t\u1eb7ng Qu\u00fd h\u1ed9i vi\u00ean ch\u01b0\u01a1ng tr\u00ecnh kh\u00e1ch h\u00e0ng th\u00e2n thi\u1ebft VCB Rewards \u01b0u [&hellip;]<\/p>\n\t\t\t<\/div>\n\t\t\t<div>\n\t\t\t\t<p class=\"mb-0\">View More &nbsp;<i class=\"fa fa-plus-circle\"><\/i><\/p>\n\t\t\t<\/div>\n\t\t<\/div>\n\t<\/a><\/div><div class=\"col-sm-6 col-lg-4 mb-4\">\n\t<a class=\"item d-block position-relative bg-primary-secondary text-white overflow-hidden\" href=\"https:\/\/www.hack4growth.org\/2021\/vi\/2021\/12\/31\/vietcombank-tang-han-muc-chuyen-tien-online-tren-ngan-hang-so-vcb-digibank-len-den-10-ty-dong-giao-dich\/\">\n\t\t<div class=\"thumbnail transition-300ms bg-white-15 img-thumbcrop img-thumbcrop-md-4by3\">\n\t\t<\/div>\n\t\t<div class=\"title transition-300ms position-absolute position-left-bottom bg-primary-secondary w-100 px-4 py-3\">\n\t\t\t<h5 class=\"font-base font-weight-bolder text-truncate mt-2 mb-0\">VIETCOMBANK T\u0102NG H\u1ea0N M\u1ee8C CHUY\u1ec2N TI\u1ec0N ONLINE TR\u00caN NG\u00c2N H\u00c0NG S\u1ed0 VCB DIGIBANK L\u00caN \u0110\u1ebeN 10 T\u1ef6 \u0110\u1ed2NG\/GIAO D\u1ecaCH<\/h5>\n\t\t\t<small class=\"title mb-1 text-white-75\"><i class=\"fa fa-clock-o\"><\/i>&nbsp; December 31, 2021<\/small>\n\t\t<\/div>\n\t\t<div class=\"excerpt opacity-0 transition-300ms d-block position-absolute position-left-top w-100 h-100 p-4 d-flex flex-column justify-content-between\" href=\"https:\/\/www.hack4growth.org\/2021\/vi\/2021\/12\/31\/vietcombank-tang-han-muc-chuyen-tien-online-tren-ngan-hang-so-vcb-digibank-len-den-10-ty-dong-giao-dich\/\">\n\t\t\t<div>\n\t\t\t\t<h5 class=\"font-base font-weight-bolder my-2\">VIETCOMBANK T\u0102NG H\u1ea0N M\u1ee8C CHUY\u1ec2N TI\u1ec0N ONLINE TR\u00caN NG\u00c2N H\u00c0NG S\u1ed0 VCB DIGIBANK L\u00caN \u0110\u1ebeN 10 T\u1ef6 \u0110\u1ed2NG\/GIAO D\u1ecaCH<\/h5>\n\t\t\t\t<small class=\"d-block my-3\"><i class=\"fa fa-clock-o\"><\/i>&nbsp;December 31, 2021<\/small>\n\t\t\t\t<p class=\"mb-2\">Sau khi c\u00f4ng b\u1ed1 ch\u00ednh s\u00e1ch mi\u1ec5n ph\u00ed to\u00e0n di\u1ec7n tr\u00ean Ng\u00e2n h\u00e0ng s\u1ed1 VCB Digibank, Ng\u00e2n h\u00e0ng TMCP Ngo\u1ea1i [&hellip;]<\/p>\n\t\t\t<\/div>\n\t\t\t<div>\n\t\t\t\t<p class=\"mb-0\">View More &nbsp;<i class=\"fa fa-plus-circle\"><\/i><\/p>\n\t\t\t<\/div>\n\t\t<\/div>\n\t<\/a><\/div><div class=\"col-sm-6 col-lg-4 mb-4\">\n\t<a class=\"item d-block position-relative bg-primary-secondary text-white overflow-hidden\" href=\"https:\/\/www.hack4growth.org\/2021\/vi\/2021\/12\/24\/uu-dai-khung-cuoi-nam-khi-ket-noi-tai-khoan-the-vietcombank-voi-vi-zalopay\/\">\n\t\t<div class=\"thumbnail transition-300ms bg-white-15 img-thumbcrop img-thumbcrop-md-4by3\">\n\t\t<\/div>\n\t\t<div class=\"title transition-300ms position-absolute position-left-bottom bg-primary-secondary w-100 px-4 py-3\">\n\t\t\t<h5 class=\"font-base font-weight-bolder text-truncate mt-2 mb-0\">\u01afU \u0110\u00c3I KH\u1ee6NG CU\u1ed0I N\u0102M KHI K\u1ebeT N\u1ed0I T\u00c0I KHO\u1ea2N\/TH\u1eba VIETCOMBANK V\u1edaI V\u00cd ZALOPAY<\/h5>\n\t\t\t<small class=\"title mb-1 text-white-75\"><i class=\"fa fa-clock-o\"><\/i>&nbsp; December 24, 2021<\/small>\n\t\t<\/div>\n\t\t<div class=\"excerpt opacity-0 transition-300ms d-block position-absolute position-left-top w-100 h-100 p-4 d-flex flex-column justify-content-between\" href=\"https:\/\/www.hack4growth.org\/2021\/vi\/2021\/12\/24\/uu-dai-khung-cuoi-nam-khi-ket-noi-tai-khoan-the-vietcombank-voi-vi-zalopay\/\">\n\t\t\t<div>\n\t\t\t\t<h5 class=\"font-base font-weight-bolder my-2\">\u01afU \u0110\u00c3I KH\u1ee6NG CU\u1ed0I N\u0102M KHI K\u1ebeT N\u1ed0I T\u00c0I KHO\u1ea2N\/TH\u1eba VIETCOMBANK V\u1edaI V\u00cd ZALOPAY<\/h5>\n\t\t\t\t<small class=\"d-block my-3\"><i class=\"fa fa-clock-o\"><\/i>&nbsp;December 24, 2021<\/small>\n\t\t\t\t<p class=\"mb-2\">Ch\u00e0o \u0111\u00f3n Si\u00eau Sale Th\u00e1ng 12, g\u00f3i voucher tr\u1ecb gi\u00e1 1.000.000 \u0111\u1ed3ng h\u1ea5p d\u1eabn d\u00e0nh t\u1eb7ng cho kh\u00e1ch h\u00e0ng c\u1ee7a [&hellip;]<\/p>\n\t\t\t<\/div>\n\t\t\t<div>\n\t\t\t\t<p class=\"mb-0\">View More &nbsp;<i class=\"fa fa-plus-circle\"><\/i><\/p>\n\t\t\t<\/div>\n\t\t<\/div>\n\t<\/a><\/div><div class=\"col-sm-6 col-lg-4 mb-4\">\n\t<a class=\"item d-block position-relative bg-primary-secondary text-white overflow-hidden\" href=\"https:\/\/www.hack4growth.org\/2021\/vi\/2021\/12\/05\/nhung-thanh-tuu-cua-vietcombank\/\">\n\t\t<div class=\"thumbnail transition-300ms bg-white-15 img-thumbcrop img-thumbcrop-md-4by3\">\n\t\t<\/div>\n\t\t<div class=\"title transition-300ms position-absolute position-left-bottom bg-primary-secondary w-100 px-4 py-3\">\n\t\t\t<h5 class=\"font-base font-weight-bolder text-truncate mt-2 mb-0\">Nh\u1eefng th\u00e0nh t\u1ef1u c\u1ee7a Vietcombank<\/h5>\n\t\t\t<small class=\"title mb-1 text-white-75\"><i class=\"fa fa-clock-o\"><\/i>&nbsp; December 5, 2021<\/small>\n\t\t<\/div>\n\t\t<div class=\"excerpt opacity-0 transition-300ms d-block position-absolute position-left-top w-100 h-100 p-4 d-flex flex-column justify-content-between\" href=\"https:\/\/www.hack4growth.org\/2021\/vi\/2021\/12\/05\/nhung-thanh-tuu-cua-vietcombank\/\">\n\t\t\t<div>\n\t\t\t\t<h5 class=\"font-base font-weight-bolder my-2\">Nh\u1eefng th\u00e0nh t\u1ef1u c\u1ee7a Vietcombank<\/h5>\n\t\t\t\t<small class=\"d-block my-3\"><i class=\"fa fa-clock-o\"><\/i>&nbsp;December 5, 2021<\/small>\n\t\t\t\t<p class=\"mb-2\"><\/p>\n\t\t\t<\/div>\n\t\t\t<div>\n\t\t\t\t<p class=\"mb-0\">View More &nbsp;<i class=\"fa fa-plus-circle\"><\/i><\/p>\n\t\t\t<\/div>\n\t\t<\/div>\n\t<\/a><\/div><div class=\"col-sm-6 col-lg-4 mb-4\">\n\t<a class=\"item d-block position-relative bg-primary-secondary text-white overflow-hidden\" href=\"https:\/\/www.hack4growth.org\/2021\/vi\/2021\/12\/02\/agribank-e-mobile-banking-de-dung-cho-cuoc-song-de-dang\/\">\n\t\t<div class=\"thumbnail transition-300ms bg-white-15 img-thumbcrop img-thumbcrop-md-4by3\">\n\t\t<\/div>\n\t\t<div class=\"title transition-300ms position-absolute position-left-bottom bg-primary-secondary w-100 px-4 py-3\">\n\t\t\t<h5 class=\"font-base font-weight-bolder text-truncate mt-2 mb-0\">Agribank E-Mobile Banking &#8211; D\u1ec5 d\u00f9ng cho cu\u1ed9c s\u1ed1ng d\u1ec5 d\u00e0ng<\/h5>\n\t\t\t<small class=\"title mb-1 text-white-75\"><i class=\"fa fa-clock-o\"><\/i>&nbsp; December 2, 2021<\/small>\n\t\t<\/div>\n\t\t<div class=\"excerpt opacity-0 transition-300ms d-block position-absolute position-left-top w-100 h-100 p-4 d-flex flex-column justify-content-between\" href=\"https:\/\/www.hack4growth.org\/2021\/vi\/2021\/12\/02\/agribank-e-mobile-banking-de-dung-cho-cuoc-song-de-dang\/\">\n\t\t\t<div>\n\t\t\t\t<h5 class=\"font-base font-weight-bolder my-2\">Agribank E-Mobile Banking &#8211; D\u1ec5 d\u00f9ng cho cu\u1ed9c s\u1ed1ng d\u1ec5 d\u00e0ng<\/h5>\n\t\t\t\t<small class=\"d-block my-3\"><i class=\"fa fa-clock-o\"><\/i>&nbsp;December 2, 2021<\/small>\n\t\t\t\t<p class=\"mb-2\"><\/p>\n\t\t\t<\/div>\n\t\t\t<div>\n\t\t\t\t<p class=\"mb-0\">View More &nbsp;<i class=\"fa fa-plus-circle\"><\/i><\/p>\n\t\t\t<\/div>\n\t\t<\/div>\n\t<\/a><\/div><div class=\"col-sm-6 col-lg-4 mb-4\">\n\t<a class=\"item d-block position-relative bg-primary-secondary text-white overflow-hidden\" href=\"https:\/\/www.hack4growth.org\/2021\/vi\/2021\/11\/30\/san-pham-cho-vay-khach-hang-ca-nhan-vietcombank-uoc-mo-trong-tam-tay\/\">\n\t\t<div class=\"thumbnail transition-300ms bg-white-15 img-thumbcrop img-thumbcrop-md-4by3\">\n\t\t<\/div>\n\t\t<div class=\"title transition-300ms position-absolute position-left-bottom bg-primary-secondary w-100 px-4 py-3\">\n\t\t\t<h5 class=\"font-base font-weight-bolder text-truncate mt-2 mb-0\">S\u1ea3n ph\u1ea9m cho vay kh\u00e1ch h\u00e0ng c\u00e1 nh\u00e2n Vietcombank &#8211; \u01af\u1edbc m\u01a1 trong t\u1ea7m tay<\/h5>\n\t\t\t<small class=\"title mb-1 text-white-75\"><i class=\"fa fa-clock-o\"><\/i>&nbsp; November 30, 2021<\/small>\n\t\t<\/div>\n\t\t<div class=\"excerpt opacity-0 transition-300ms d-block position-absolute position-left-top w-100 h-100 p-4 d-flex flex-column justify-content-between\" href=\"https:\/\/www.hack4growth.org\/2021\/vi\/2021\/11\/30\/san-pham-cho-vay-khach-hang-ca-nhan-vietcombank-uoc-mo-trong-tam-tay\/\">\n\t\t\t<div>\n\t\t\t\t<h5 class=\"font-base font-weight-bolder my-2\">S\u1ea3n ph\u1ea9m cho vay kh\u00e1ch h\u00e0ng c\u00e1 nh\u00e2n Vietcombank &#8211; \u01af\u1edbc m\u01a1 trong t\u1ea7m tay<\/h5>\n\t\t\t\t<small class=\"d-block my-3\"><i class=\"fa fa-clock-o\"><\/i>&nbsp;November 30, 2021<\/small>\n\t\t\t\t<p class=\"mb-2\"><\/p>\n\t\t\t<\/div>\n\t\t\t<div>\n\t\t\t\t<p class=\"mb-0\">View More &nbsp;<i class=\"fa fa-plus-circle\"><\/i><\/p>\n\t\t\t<\/div>\n\t\t<\/div>\n\t<\/a><\/div><div class=\"col-sm-6 col-lg-4 mb-4\">\n\t<a class=\"item d-block position-relative bg-primary-secondary text-white overflow-hidden\" href=\"https:\/\/www.hack4growth.org\/2021\/vi\/2021\/11\/29\/hack4growth-unlimited-2021-lo-dien-cac-du-an-xuat-sac-nhat-toan-cau\/\">\n\t\t<div class=\"thumbnail transition-300ms bg-white-15 img-thumbcrop img-thumbcrop-md-4by3\">\n\t\t<\/div>\n\t\t<div class=\"title transition-300ms position-absolute position-left-bottom bg-primary-secondary w-100 px-4 py-3\">\n\t\t\t<h5 class=\"font-base font-weight-bolder text-truncate mt-2 mb-0\">HACK4GROWTH unlimited! 2021: L\u1ed9 di\u1ec7n c\u00e1c d\u1ef1 \u00e1n xu\u1ea5t s\u1eafc nh\u1ea5t to\u00e0n c\u1ea7u<\/h5>\n\t\t\t<small class=\"title mb-1 text-white-75\"><i class=\"fa fa-clock-o\"><\/i>&nbsp; November 29, 2021<\/small>\n\t\t<\/div>\n\t\t<div class=\"excerpt opacity-0 transition-300ms d-block position-absolute position-left-top w-100 h-100 p-4 d-flex flex-column justify-content-between\" href=\"https:\/\/www.hack4growth.org\/2021\/vi\/2021\/11\/29\/hack4growth-unlimited-2021-lo-dien-cac-du-an-xuat-sac-nhat-toan-cau\/\">\n\t\t\t<div>\n\t\t\t\t<h5 class=\"font-base font-weight-bolder my-2\">HACK4GROWTH unlimited! 2021: L\u1ed9 di\u1ec7n c\u00e1c d\u1ef1 \u00e1n xu\u1ea5t s\u1eafc nh\u1ea5t to\u00e0n c\u1ea7u<\/h5>\n\t\t\t\t<small class=\"d-block my-3\"><i class=\"fa fa-clock-o\"><\/i>&nbsp;November 29, 2021<\/small>\n\t\t\t\t<p class=\"mb-2\">Hack4Growth unlimited 2021 l\u00e0 cu\u1ed9c thi \u0110\u1ed5i m\u1edbi s\u00e1ng t\u1ea1o to\u00e0n c\u1ea7u do T\u1ed5 ch\u1ee9c Khoa h\u1ecdc v\u00e0 Chuy\u00ean gia [&hellip;]<\/p>\n\t\t\t<\/div>\n\t\t\t<div>\n\t\t\t\t<p class=\"mb-0\">View More &nbsp;<i class=\"fa fa-plus-circle\"><\/i><\/p>\n\t\t\t<\/div>\n\t\t<\/div>\n\t<\/a><\/div><div class=\"col-sm-6 col-lg-4 mb-4\">\n\t<a class=\"item d-block position-relative bg-primary-secondary text-white overflow-hidden\" href=\"https:\/\/www.hack4growth.org\/2021\/vi\/2021\/11\/26\/vietcombank-ngan-hang-thuong-mai-co-phan-ngoai-thuong-viet-nam\/\">\n\t\t<div class=\"thumbnail transition-300ms bg-white-15 img-thumbcrop img-thumbcrop-md-4by3\">\n\t\t<\/div>\n\t\t<div class=\"title transition-300ms position-absolute position-left-bottom bg-primary-secondary w-100 px-4 py-3\">\n\t\t\t<h5 class=\"font-base font-weight-bolder text-truncate mt-2 mb-0\">Vietcombank Priority &#8211; T\u1eadn h\u01b0\u1edfng \u0111\u1eb7c quy\u1ec1n \u0111\u1eb3ng c\u1ea5p<\/h5>\n\t\t\t<small class=\"title mb-1 text-white-75\"><i class=\"fa fa-clock-o\"><\/i>&nbsp; November 26, 2021<\/small>\n\t\t<\/div>\n\t\t<div class=\"excerpt opacity-0 transition-300ms d-block position-absolute position-left-top w-100 h-100 p-4 d-flex flex-column justify-content-between\" href=\"https:\/\/www.hack4growth.org\/2021\/vi\/2021\/11\/26\/vietcombank-ngan-hang-thuong-mai-co-phan-ngoai-thuong-viet-nam\/\">\n\t\t\t<div>\n\t\t\t\t<h5 class=\"font-base font-weight-bolder my-2\">Vietcombank Priority &#8211; T\u1eadn h\u01b0\u1edfng \u0111\u1eb7c quy\u1ec1n \u0111\u1eb3ng c\u1ea5p<\/h5>\n\t\t\t\t<small class=\"d-block my-3\"><i class=\"fa fa-clock-o\"><\/i>&nbsp;November 26, 2021<\/small>\n\t\t\t\t<p class=\"mb-2\">T\u1ea6M NH\u00ccN C\u1ee6A VIETCOMBANK \u0110\u1ebeN N\u0102M 2030: Ng\u00e2n h\u00e0ng s\u1ed1 1 t\u1ea1i Vi\u1ec7t Nam, m\u1ed9t trong 100 ng\u00e2n h\u00e0ng l\u1edbn [&hellip;]<\/p>\n\t\t\t<\/div>\n\t\t\t<div>\n\t\t\t\t<p class=\"mb-0\">View More &nbsp;<i class=\"fa fa-plus-circle\"><\/i><\/p>\n\t\t\t<\/div>\n\t\t<\/div>\n\t<\/a><\/div><div class=\"col-sm-6 col-lg-4 mb-4\">\n\t<a class=\"item d-block position-relative bg-primary-secondary text-white overflow-hidden\" href=\"https:\/\/www.hack4growth.org\/2021\/vi\/2021\/11\/25\/niem-vui-nhan-20-lan-voi-the-doanh-nghiep-vietcombank-visa-business\/\">\n\t\t<div class=\"thumbnail transition-300ms bg-white-15 img-thumbcrop img-thumbcrop-md-4by3\">\n\t\t<\/div>\n\t\t<div class=\"title transition-300ms position-absolute position-left-bottom bg-primary-secondary w-100 px-4 py-3\">\n\t\t\t<h5 class=\"font-base font-weight-bolder text-truncate mt-2 mb-0\">NI\u1ec0M VUI NH\u00c2N 20 L\u1ea6N V\u1edaI TH\u1eba DOANH NGHI\u1ec6P VIETCOMBANK VISA BUSINESS<\/h5>\n\t\t\t<small class=\"title mb-1 text-white-75\"><i class=\"fa fa-clock-o\"><\/i>&nbsp; November 25, 2021<\/small>\n\t\t<\/div>\n\t\t<div class=\"excerpt opacity-0 transition-300ms d-block position-absolute position-left-top w-100 h-100 p-4 d-flex flex-column justify-content-between\" href=\"https:\/\/www.hack4growth.org\/2021\/vi\/2021\/11\/25\/niem-vui-nhan-20-lan-voi-the-doanh-nghiep-vietcombank-visa-business\/\">\n\t\t\t<div>\n\t\t\t\t<h5 class=\"font-base font-weight-bolder my-2\">NI\u1ec0M VUI NH\u00c2N 20 L\u1ea6N V\u1edaI TH\u1eba DOANH NGHI\u1ec6P VIETCOMBANK VISA BUSINESS<\/h5>\n\t\t\t\t<small class=\"d-block my-3\"><i class=\"fa fa-clock-o\"><\/i>&nbsp;November 25, 2021<\/small>\n\t\t\t\t<p class=\"mb-2\">\u200b1. \u0110\u1ed1i t\u01b0\u1ee3ng \u00e1p d\u1ee5ng:\u00a0Kh\u00e1ch h\u00e0ng l\u00e0 doanh nghi\u1ec7p (t\u00ednh theo CIF t\u1ea1i Vietcombank) \u0111ang s\u1edf h\u1eefu th\u1ebb Vietcombank Visa [&hellip;]<\/p>\n\t\t\t<\/div>\n\t\t\t<div>\n\t\t\t\t<p class=\"mb-0\">View More &nbsp;<i class=\"fa fa-plus-circle\"><\/i><\/p>\n\t\t\t<\/div>\n\t\t<\/div>\n\t<\/a><\/div><\/div><button id=\"news_loadmore_button\" class=\"btn btn-gradient px-5 mt-4 text-uppercase d-block mx-auto\">Load more<\/button>\n","protected":false},"excerpt":{"rendered":"Tin n\u1ed5i b\u1eadt Tin m\u1edbi","protected":false},"author":1,"featured_media":0,"parent":0,"menu_order":13,"comment_status":"closed","ping_status":"closed","template":"","meta":[],"_links":{"self":[{"href":"https:\/\/www.hack4growth.org\/2021\/wp-json\/wp\/v2\/pages\/102"}],"collection":[{"href":"https:\/\/www.hack4growth.org\/2021\/wp-json\/wp\/v2\/pages"}],"about":[{"href":"https:\/\/www.hack4growth.org\/2021\/wp-json\/wp\/v2\/types\/page"}],"author":[{"embeddable":true,"href":"https:\/\/www.hack4growth.org\/2021\/wp-json\/wp\/v2\/users\/1"}],"replies":[{"embeddable":true,"href":"https:\/\/www.hack4growth.org\/2021\/wp-json\/wp\/v2\/comments?post=102"}],"version-history":[{"count":0,"href":"https:\/\/www.hack4growth.org\/2021\/wp-json\/wp\/v2\/pages\/102\/revisions"}],"wp:attachment":[{"href":"https:\/\/www.hack4growth.org\/2021\/wp-json\/wp\/v2\/media?parent=102"}],"curies":[{"name":"wp","href":"https:\/\/api.w.org\/{rel}","templated":true}]}}