{"id":966,"date":"2020-05-08T08:18:38","date_gmt":"2020-05-08T08:18:38","guid":{"rendered":"http:\/\/wip.timevn.com\/hack4growth\/?page_id=10"},"modified":"2020-05-08T08:18:38","modified_gmt":"2020-05-08T08:18:38","slug":"news","status":"publish","type":"page","link":"https:\/\/www.hack4growth.org\/2020\/news\/","title":{"rendered":"News"},"content":{"rendered":"\n<h2 class=\"mb-6 h-underline\">Popular<\/h2>\n\n<div class=\"news-featured bg-white-05\"><div class=\"row\"><div class=\"col-md-8\"><a class=\"img-thumbcrop img-thumbcrop-4by3 img-thumbcrop-md-3by2 img-thumbcrop-xl-16by9\" style=\"min-height: 100%;\" href=\"https:\/\/www.hack4growth.org\/2020\/vi\/2020\/05\/23\/cuoc-thi-hack4growth-2020-bien-y-tuong-thanh-co-hoi-khoi-nghiep-toan-cau\/\"><img width=\"768\" height=\"512\" src=\"https:\/\/www.hack4growth.org\/2020\/wp-content\/uploads\/sites\/2\/2020\/05\/poster-hack-4-growth-tieng-viet-768x512.jpg\" class=\"attachment-medium_large size-medium_large wp-post-image\" alt=\"\" loading=\"lazy\" srcset=\"https:\/\/www.hack4growth.org\/2020\/wp-content\/uploads\/sites\/2\/2020\/05\/poster-hack-4-growth-tieng-viet-768x512.jpg 768w, https:\/\/www.hack4growth.org\/2020\/wp-content\/uploads\/sites\/2\/2020\/05\/poster-hack-4-growth-tieng-viet-300x200.jpg 300w, https:\/\/www.hack4growth.org\/2020\/wp-content\/uploads\/sites\/2\/2020\/05\/poster-hack-4-growth-tieng-viet-1024x683.jpg 1024w, https:\/\/www.hack4growth.org\/2020\/wp-content\/uploads\/sites\/2\/2020\/05\/poster-hack-4-growth-tieng-viet.jpg 1200w\" sizes=\"(max-width: 768px) 100vw, 768px\" \/><\/a><\/div><div class=\"col-md-4\"><div class=\"d-flex flex-column justify-content-between h-100 p-4 pl-md-3\"><div class=\"mb-4\"><h3 class=\"mb-3 h-underline\"><a class=\"text-white text-decoration-none\" href=\"https:\/\/www.hack4growth.org\/2020\/vi\/2020\/05\/23\/cuoc-thi-hack4growth-2020-bien-y-tuong-thanh-co-hoi-khoi-nghiep-toan-cau\/\">Cu\u1ed9c thi Hack4Growth 2020: Bi\u1ebfn \u00fd t\u01b0\u1edfng th\u00e0nh c\u01a1 h\u1ed9i kh\u1edfi nghi\u1ec7p to\u00e0n c\u1ea7u<\/a><\/h3><small class=\"d-block my-3\"><i class=\"fa fa-clock-o\"><\/i>&nbsp;May 23, 2020<\/small><p class=\"mb-0\">05\/03\/2020 Hack4Growth 2020 l\u00e0 cu\u1ed9c thi qu\u1ed1c t\u1ebf v\u1ec1 \u0111\u1ed5i m\u1edbi s\u00e1ng t\u1ea1o nh\u1eb1m h\u1ed7 tr\u1ee3 ph\u00e1t tri\u1ec3n nh\u1eefng gi\u1ea3i [&hellip;]<\/p><\/div><p class=\"mb-0\"><a class=\"text-white\" href=\"https:\/\/www.hack4growth.org\/2020\/vi\/2020\/05\/23\/cuoc-thi-hack4growth-2020-bien-y-tuong-thanh-co-hoi-khoi-nghiep-toan-cau\/\">View More &nbsp;<i class=\"fa fa-plus-circle\"><\/i><\/a><\/p><\/div><\/div><\/div><\/div>\n\n\n<div style=\"height:96px\" aria-hidden=\"true\" class=\"wp-block-spacer\"><\/div>\n\n\n<h2 class=\"mb-6 h-underline\">Latest News<\/h2>\n\n<div id=\"news_listing_row\" class=\"news-listing row\"><div class=\"col-sm-6 col-lg-4 mb-4\">\n\t<a class=\"item d-block position-relative bg-primary-secondary text-white overflow-hidden\" href=\"https:\/\/www.hack4growth.org\/2020\/2020\/11\/10\/hack4growth-top-10\/\">\n\t\t<div class=\"thumbnail transition-300ms bg-white-15 img-thumbcrop img-thumbcrop-md-4by3\"><img width=\"600\" height=\"600\" src=\"https:\/\/www.hack4growth.org\/2020\/wp-content\/uploads\/sites\/2\/2020\/11\/122959428_372682227498105_8000696861158960293_o-768x768.jpg\" class=\"attachment-600x600 size-600x600 wp-post-image\" alt=\"\" loading=\"lazy\" srcset=\"https:\/\/www.hack4growth.org\/2020\/wp-content\/uploads\/sites\/2\/2020\/11\/122959428_372682227498105_8000696861158960293_o-768x768.jpg 768w, https:\/\/www.hack4growth.org\/2020\/wp-content\/uploads\/sites\/2\/2020\/11\/122959428_372682227498105_8000696861158960293_o-300x300.jpg 300w, https:\/\/www.hack4growth.org\/2020\/wp-content\/uploads\/sites\/2\/2020\/11\/122959428_372682227498105_8000696861158960293_o-1024x1024.jpg 1024w, https:\/\/www.hack4growth.org\/2020\/wp-content\/uploads\/sites\/2\/2020\/11\/122959428_372682227498105_8000696861158960293_o-150x150.jpg 150w, https:\/\/www.hack4growth.org\/2020\/wp-content\/uploads\/sites\/2\/2020\/11\/122959428_372682227498105_8000696861158960293_o-1536x1536.jpg 1536w, https:\/\/www.hack4growth.org\/2020\/wp-content\/uploads\/sites\/2\/2020\/11\/122959428_372682227498105_8000696861158960293_o.jpg 2048w\" sizes=\"(max-width: 600px) 100vw, 600px\" \/>\n\t\t<\/div>\n\t\t<div class=\"title transition-300ms position-absolute position-left-bottom bg-primary-secondary w-100 px-4 py-3\">\n\t\t\t<h5 class=\"font-base font-weight-bolder text-truncate mt-2 mb-0\">Hack4Growth &#8211; Top 10<\/h5>\n\t\t\t<small class=\"title mb-1 text-white-75\"><i class=\"fa fa-clock-o\"><\/i>&nbsp; November 10, 2020<\/small>\n\t\t<\/div>\n\t\t<div class=\"excerpt opacity-0 transition-300ms d-block position-absolute position-left-top w-100 h-100 p-4 d-flex flex-column justify-content-between\" href=\"https:\/\/www.hack4growth.org\/2020\/2020\/11\/10\/hack4growth-top-10\/\">\n\t\t\t<div>\n\t\t\t\t<h5 class=\"font-base font-weight-bolder my-2\">Hack4Growth &#8211; Top 10<\/h5>\n\t\t\t\t<small class=\"d-block my-3\"><i class=\"fa fa-clock-o\"><\/i>&nbsp;November 10, 2020<\/small>\n\t\t\t\t<p class=\"mb-2\"><\/p>\n\t\t\t<\/div>\n\t\t\t<div>\n\t\t\t\t<p class=\"mb-0\">View More &nbsp;<i class=\"fa fa-plus-circle\"><\/i><\/p>\n\t\t\t<\/div>\n\t\t<\/div>\n\t<\/a><\/div><div class=\"col-sm-6 col-lg-4 mb-4\">\n\t<a class=\"item d-block position-relative bg-primary-secondary text-white overflow-hidden\" href=\"https:\/\/www.hack4growth.org\/2020\/vi\/2020\/11\/04\/don-vi-dong-hanh-vietcombank-bac-binh-duong-to-chuc-hoi-thao-ket-noi-hop-tac-phat-trien-doanh-nghiep-vua-va-nho\/\">\n\t\t<div class=\"thumbnail transition-300ms bg-white-15 img-thumbcrop img-thumbcrop-md-4by3\">\n\t\t<\/div>\n\t\t<div class=\"title transition-300ms position-absolute position-left-bottom bg-primary-secondary w-100 px-4 py-3\">\n\t\t\t<h5 class=\"font-base font-weight-bolder text-truncate mt-2 mb-0\">[\u0110\u01a1n v\u1ecb \u0111\u1ed3ng h\u00e0nh] VIETCOMBANK B\u1eaeC B\u00ccNH D\u01af\u01a0NG T\u1ed4 CH\u1ee8C H\u1ed8I TH\u1ea2O \u201cK\u1ebeT N\u1ed0I \u2013 H\u1ee2P T\u00c1C \u2013 PH\u00c1T TRI\u1ec2N DOANH NGHI\u1ec6P V\u1eeaA V\u00c0 NH\u1ece\u201d<\/h5>\n\t\t\t<small class=\"title mb-1 text-white-75\"><i class=\"fa fa-clock-o\"><\/i>&nbsp; November 4, 2020<\/small>\n\t\t<\/div>\n\t\t<div class=\"excerpt opacity-0 transition-300ms d-block position-absolute position-left-top w-100 h-100 p-4 d-flex flex-column justify-content-between\" href=\"https:\/\/www.hack4growth.org\/2020\/vi\/2020\/11\/04\/don-vi-dong-hanh-vietcombank-bac-binh-duong-to-chuc-hoi-thao-ket-noi-hop-tac-phat-trien-doanh-nghiep-vua-va-nho\/\">\n\t\t\t<div>\n\t\t\t\t<h5 class=\"font-base font-weight-bolder my-2\">[\u0110\u01a1n v\u1ecb \u0111\u1ed3ng h\u00e0nh] VIETCOMBANK B\u1eaeC B\u00ccNH D\u01af\u01a0NG T\u1ed4 CH\u1ee8C H\u1ed8I TH\u1ea2O \u201cK\u1ebeT N\u1ed0I \u2013 H\u1ee2P T\u00c1C \u2013 PH\u00c1T TRI\u1ec2N DOANH NGHI\u1ec6P V\u1eeaA V\u00c0 NH\u1ece\u201d<\/h5>\n\t\t\t\t<small class=\"d-block my-3\"><i class=\"fa fa-clock-o\"><\/i>&nbsp;November 4, 2020<\/small>\n\t\t\t\t<p class=\"mb-2\">Ng\u00e0y 27\/10\/2020, t\u1ea1i tr\u1ee5 s\u1edf chi nh\u00e1nh, Vietcombank B\u1eafc B\u00ecnh D\u01b0\u01a1ng \u0111\u00e3 ph\u1ed1i h\u1ee3p c\u00f9ng UBND th\u1ecb x\u00e3 B\u1ebfn C\u00e1t [&hellip;]<\/p>\n\t\t\t<\/div>\n\t\t\t<div>\n\t\t\t\t<p class=\"mb-0\">View More &nbsp;<i class=\"fa fa-plus-circle\"><\/i><\/p>\n\t\t\t<\/div>\n\t\t<\/div>\n\t<\/a><\/div><div class=\"col-sm-6 col-lg-4 mb-4\">\n\t<a class=\"item d-block position-relative bg-primary-secondary text-white overflow-hidden\" href=\"https:\/\/www.hack4growth.org\/2020\/vi\/2020\/10\/29\/don-vi-dong-hanh-vietcombank-chinh-thuc-cung-cap-dich-vu-ngan-hang-truc-tuyen-vcb-ibnking-danh-cho-khach-hang-to-chuc-phien-ban-2020\/\">\n\t\t<div class=\"thumbnail transition-300ms bg-white-15 img-thumbcrop img-thumbcrop-md-4by3\">\n\t\t<\/div>\n\t\t<div class=\"title transition-300ms position-absolute position-left-bottom bg-primary-secondary w-100 px-4 py-3\">\n\t\t\t<h5 class=\"font-base font-weight-bolder text-truncate mt-2 mb-0\">[\u0110\u01a1n v\u1ecb \u0111\u1ed3ng h\u00e0nh] VIETCOMBANK CH\u00cdNH TH\u1ee8C CUNG C\u1ea4P D\u1ecaCH V\u1ee4 NG\u00c2N H\u00c0NG TR\u1ef0C TUY\u1ebeN VCB-IB@NKING D\u00c0NH CHO KH\u00c1CH H\u00c0NG T\u1ed4 CH\u1ee8C PHI\u00caN B\u1ea2N 2020<\/h5>\n\t\t\t<small class=\"title mb-1 text-white-75\"><i class=\"fa fa-clock-o\"><\/i>&nbsp; October 29, 2020<\/small>\n\t\t<\/div>\n\t\t<div class=\"excerpt opacity-0 transition-300ms d-block position-absolute position-left-top w-100 h-100 p-4 d-flex flex-column justify-content-between\" href=\"https:\/\/www.hack4growth.org\/2020\/vi\/2020\/10\/29\/don-vi-dong-hanh-vietcombank-chinh-thuc-cung-cap-dich-vu-ngan-hang-truc-tuyen-vcb-ibnking-danh-cho-khach-hang-to-chuc-phien-ban-2020\/\">\n\t\t\t<div>\n\t\t\t\t<h5 class=\"font-base font-weight-bolder my-2\">[\u0110\u01a1n v\u1ecb \u0111\u1ed3ng h\u00e0nh] VIETCOMBANK CH\u00cdNH TH\u1ee8C CUNG C\u1ea4P D\u1ecaCH V\u1ee4 NG\u00c2N H\u00c0NG TR\u1ef0C TUY\u1ebeN VCB-IB@NKING D\u00c0NH CHO KH\u00c1CH H\u00c0NG T\u1ed4 CH\u1ee8C PHI\u00caN B\u1ea2N 2020<\/h5>\n\t\t\t\t<small class=\"d-block my-3\"><i class=\"fa fa-clock-o\"><\/i>&nbsp;October 29, 2020<\/small>\n\t\t\t\t<p class=\"mb-2\">N\u1eb1m trong t\u1ed5ng th\u1ec3 chi\u1ebfn l\u01b0\u1ee3c chuy\u1ec3n \u0111\u1ed5i s\u1ed1 \u0111ang \u0111\u01b0\u1ee3c th\u1ef1c thi m\u1ea1nh m\u1ebd v\u00e0 to\u00e0n di\u1ec7n, sau m\u1ed9t [&hellip;]<\/p>\n\t\t\t<\/div>\n\t\t\t<div>\n\t\t\t\t<p class=\"mb-0\">View More &nbsp;<i class=\"fa fa-plus-circle\"><\/i><\/p>\n\t\t\t<\/div>\n\t\t<\/div>\n\t<\/a><\/div><div class=\"col-sm-6 col-lg-4 mb-4\">\n\t<a class=\"item d-block position-relative bg-primary-secondary text-white overflow-hidden\" href=\"https:\/\/www.hack4growth.org\/2020\/vi\/2020\/10\/23\/don-vi-dong-hanh-vietcombank-giam-lai-suat-vay-doi-voi-khach-hang-ca-nhan-va-khach-hang-sme-dip-cuoi-nam-2020\/\">\n\t\t<div class=\"thumbnail transition-300ms bg-white-15 img-thumbcrop img-thumbcrop-md-4by3\">\n\t\t<\/div>\n\t\t<div class=\"title transition-300ms position-absolute position-left-bottom bg-primary-secondary w-100 px-4 py-3\">\n\t\t\t<h5 class=\"font-base font-weight-bolder text-truncate mt-2 mb-0\">[\u0110\u01a1n v\u1ecb \u0111\u1ed3ng h\u00e0nh] VIETCOMBANK GI\u1ea2M L\u00c3I SU\u1ea4T VAY \u0110\u1ed0I V\u1edaI KH\u00c1CH H\u00c0NG C\u00c1 NH\u00c2N V\u00c0 KH\u00c1CH H\u00c0NG SME D\u1ecaP CU\u1ed0I N\u0102M 2020<\/h5>\n\t\t\t<small class=\"title mb-1 text-white-75\"><i class=\"fa fa-clock-o\"><\/i>&nbsp; October 23, 2020<\/small>\n\t\t<\/div>\n\t\t<div class=\"excerpt opacity-0 transition-300ms d-block position-absolute position-left-top w-100 h-100 p-4 d-flex flex-column justify-content-between\" href=\"https:\/\/www.hack4growth.org\/2020\/vi\/2020\/10\/23\/don-vi-dong-hanh-vietcombank-giam-lai-suat-vay-doi-voi-khach-hang-ca-nhan-va-khach-hang-sme-dip-cuoi-nam-2020\/\">\n\t\t\t<div>\n\t\t\t\t<h5 class=\"font-base font-weight-bolder my-2\">[\u0110\u01a1n v\u1ecb \u0111\u1ed3ng h\u00e0nh] VIETCOMBANK GI\u1ea2M L\u00c3I SU\u1ea4T VAY \u0110\u1ed0I V\u1edaI KH\u00c1CH H\u00c0NG C\u00c1 NH\u00c2N V\u00c0 KH\u00c1CH H\u00c0NG SME D\u1ecaP CU\u1ed0I N\u0102M 2020<\/h5>\n\t\t\t\t<small class=\"d-block my-3\"><i class=\"fa fa-clock-o\"><\/i>&nbsp;October 23, 2020<\/small>\n\t\t\t\t<p class=\"mb-2\">Vietcombank th\u1ef1c hi\u1ec7n gi\u1ea3m l\u00e3i su\u1ea5t cho vay s\u1ea3n xu\u1ea5t kinh doanh, mua nh\u00e0, x\u00e2y s\u1eeda nh\u00e0, mua \u00f4 t\u00f4 [&hellip;]<\/p>\n\t\t\t<\/div>\n\t\t\t<div>\n\t\t\t\t<p class=\"mb-0\">View More &nbsp;<i class=\"fa fa-plus-circle\"><\/i><\/p>\n\t\t\t<\/div>\n\t\t<\/div>\n\t<\/a><\/div><div class=\"col-sm-6 col-lg-4 mb-4\">\n\t<a class=\"item d-block position-relative bg-primary-secondary text-white overflow-hidden\" href=\"https:\/\/www.hack4growth.org\/2020\/2020\/10\/14\/hack4growth-on-vtv1-2\/\">\n\t\t<div class=\"thumbnail transition-300ms bg-white-15 img-thumbcrop img-thumbcrop-md-4by3\"><img width=\"576\" height=\"260\" src=\"https:\/\/www.hack4growth.org\/2020\/wp-content\/uploads\/sites\/2\/2020\/10\/Capture.png\" class=\"attachment-600x600 size-600x600 wp-post-image\" alt=\"\" loading=\"lazy\" srcset=\"https:\/\/www.hack4growth.org\/2020\/wp-content\/uploads\/sites\/2\/2020\/10\/Capture.png 576w, https:\/\/www.hack4growth.org\/2020\/wp-content\/uploads\/sites\/2\/2020\/10\/Capture-300x135.png 300w\" sizes=\"(max-width: 576px) 100vw, 576px\" \/>\n\t\t<\/div>\n\t\t<div class=\"title transition-300ms position-absolute position-left-bottom bg-primary-secondary w-100 px-4 py-3\">\n\t\t\t<h5 class=\"font-base font-weight-bolder text-truncate mt-2 mb-0\">Hack4Growth on VTV1<\/h5>\n\t\t\t<small class=\"title mb-1 text-white-75\"><i class=\"fa fa-clock-o\"><\/i>&nbsp; October 14, 2020<\/small>\n\t\t<\/div>\n\t\t<div class=\"excerpt opacity-0 transition-300ms d-block position-absolute position-left-top w-100 h-100 p-4 d-flex flex-column justify-content-between\" href=\"https:\/\/www.hack4growth.org\/2020\/2020\/10\/14\/hack4growth-on-vtv1-2\/\">\n\t\t\t<div>\n\t\t\t\t<h5 class=\"font-base font-weight-bolder my-2\">Hack4Growth on VTV1<\/h5>\n\t\t\t\t<small class=\"d-block my-3\"><i class=\"fa fa-clock-o\"><\/i>&nbsp;October 14, 2020<\/small>\n\t\t\t\t<p class=\"mb-2\"><\/p>\n\t\t\t<\/div>\n\t\t\t<div>\n\t\t\t\t<p class=\"mb-0\">View More &nbsp;<i class=\"fa fa-plus-circle\"><\/i><\/p>\n\t\t\t<\/div>\n\t\t<\/div>\n\t<\/a><\/div><div class=\"col-sm-6 col-lg-4 mb-4\">\n\t<a class=\"item d-block position-relative bg-primary-secondary text-white overflow-hidden\" href=\"https:\/\/www.hack4growth.org\/2020\/vi\/2020\/10\/14\/hack4growth-on-vtv1\/\">\n\t\t<div class=\"thumbnail transition-300ms bg-white-15 img-thumbcrop img-thumbcrop-md-4by3\"><img width=\"576\" height=\"260\" src=\"https:\/\/www.hack4growth.org\/2020\/wp-content\/uploads\/sites\/2\/2020\/10\/Capture.png\" class=\"attachment-600x600 size-600x600 wp-post-image\" alt=\"\" loading=\"lazy\" srcset=\"https:\/\/www.hack4growth.org\/2020\/wp-content\/uploads\/sites\/2\/2020\/10\/Capture.png 576w, https:\/\/www.hack4growth.org\/2020\/wp-content\/uploads\/sites\/2\/2020\/10\/Capture-300x135.png 300w\" sizes=\"(max-width: 576px) 100vw, 576px\" \/>\n\t\t<\/div>\n\t\t<div class=\"title transition-300ms position-absolute position-left-bottom bg-primary-secondary w-100 px-4 py-3\">\n\t\t\t<h5 class=\"font-base font-weight-bolder text-truncate mt-2 mb-0\">Hack4Growth tr\u00ean VTV1<\/h5>\n\t\t\t<small class=\"title mb-1 text-white-75\"><i class=\"fa fa-clock-o\"><\/i>&nbsp; October 14, 2020<\/small>\n\t\t<\/div>\n\t\t<div class=\"excerpt opacity-0 transition-300ms d-block position-absolute position-left-top w-100 h-100 p-4 d-flex flex-column justify-content-between\" href=\"https:\/\/www.hack4growth.org\/2020\/vi\/2020\/10\/14\/hack4growth-on-vtv1\/\">\n\t\t\t<div>\n\t\t\t\t<h5 class=\"font-base font-weight-bolder my-2\">Hack4Growth tr\u00ean VTV1<\/h5>\n\t\t\t\t<small class=\"d-block my-3\"><i class=\"fa fa-clock-o\"><\/i>&nbsp;October 14, 2020<\/small>\n\t\t\t\t<p class=\"mb-2\"><\/p>\n\t\t\t<\/div>\n\t\t\t<div>\n\t\t\t\t<p class=\"mb-0\">View More &nbsp;<i class=\"fa fa-plus-circle\"><\/i><\/p>\n\t\t\t<\/div>\n\t\t<\/div>\n\t<\/a><\/div><div class=\"col-sm-6 col-lg-4 mb-4\">\n\t<a class=\"item d-block position-relative bg-primary-secondary text-white overflow-hidden\" href=\"https:\/\/www.hack4growth.org\/2020\/2020\/10\/14\/hack4growth-covid-endgame-vietnam-needs-you\/\">\n\t\t<div class=\"thumbnail transition-300ms bg-white-15 img-thumbcrop img-thumbcrop-md-4by3\"><img width=\"600\" height=\"600\" src=\"https:\/\/www.hack4growth.org\/2020\/wp-content\/uploads\/sites\/2\/2020\/06\/hack-4-growth-doi-moi-sang-tao-la-mot-hanh-trinh-khong-chi-la-mot-cuoc-thi-22052020-a-toandocx-1590558848502.jpeg\" class=\"attachment-600x600 size-600x600 wp-post-image\" alt=\"\" loading=\"lazy\" srcset=\"https:\/\/www.hack4growth.org\/2020\/wp-content\/uploads\/sites\/2\/2020\/06\/hack-4-growth-doi-moi-sang-tao-la-mot-hanh-trinh-khong-chi-la-mot-cuoc-thi-22052020-a-toandocx-1590558848502.jpeg 640w, https:\/\/www.hack4growth.org\/2020\/wp-content\/uploads\/sites\/2\/2020\/06\/hack-4-growth-doi-moi-sang-tao-la-mot-hanh-trinh-khong-chi-la-mot-cuoc-thi-22052020-a-toandocx-1590558848502-300x300.jpeg 300w, https:\/\/www.hack4growth.org\/2020\/wp-content\/uploads\/sites\/2\/2020\/06\/hack-4-growth-doi-moi-sang-tao-la-mot-hanh-trinh-khong-chi-la-mot-cuoc-thi-22052020-a-toandocx-1590558848502-150x150.jpeg 150w\" sizes=\"(max-width: 600px) 100vw, 600px\" \/>\n\t\t<\/div>\n\t\t<div class=\"title transition-300ms position-absolute position-left-bottom bg-primary-secondary w-100 px-4 py-3\">\n\t\t\t<h5 class=\"font-base font-weight-bolder text-truncate mt-2 mb-0\">Hack4Growth Covid Endgame &#8211; Vietnam needs you<\/h5>\n\t\t\t<small class=\"title mb-1 text-white-75\"><i class=\"fa fa-clock-o\"><\/i>&nbsp; October 14, 2020<\/small>\n\t\t<\/div>\n\t\t<div class=\"excerpt opacity-0 transition-300ms d-block position-absolute position-left-top w-100 h-100 p-4 d-flex flex-column justify-content-between\" href=\"https:\/\/www.hack4growth.org\/2020\/2020\/10\/14\/hack4growth-covid-endgame-vietnam-needs-you\/\">\n\t\t\t<div>\n\t\t\t\t<h5 class=\"font-base font-weight-bolder my-2\">Hack4Growth Covid Endgame &#8211; Vietnam needs you<\/h5>\n\t\t\t\t<small class=\"d-block my-3\"><i class=\"fa fa-clock-o\"><\/i>&nbsp;October 14, 2020<\/small>\n\t\t\t\t<p class=\"mb-2\"><\/p>\n\t\t\t<\/div>\n\t\t\t<div>\n\t\t\t\t<p class=\"mb-0\">View More &nbsp;<i class=\"fa fa-plus-circle\"><\/i><\/p>\n\t\t\t<\/div>\n\t\t<\/div>\n\t<\/a><\/div><div class=\"col-sm-6 col-lg-4 mb-4\">\n\t<a class=\"item d-block position-relative bg-primary-secondary text-white overflow-hidden\" href=\"https:\/\/www.hack4growth.org\/2020\/vi\/2020\/10\/14\/hack4growth-covid-endgame-vi-viet-nam-can-ban\/\">\n\t\t<div class=\"thumbnail transition-300ms bg-white-15 img-thumbcrop img-thumbcrop-md-4by3\"><img width=\"600\" height=\"600\" src=\"https:\/\/www.hack4growth.org\/2020\/wp-content\/uploads\/sites\/2\/2020\/06\/hack-4-growth-doi-moi-sang-tao-la-mot-hanh-trinh-khong-chi-la-mot-cuoc-thi-22052020-a-toandocx-1590558848502.jpeg\" class=\"attachment-600x600 size-600x600 wp-post-image\" alt=\"\" loading=\"lazy\" srcset=\"https:\/\/www.hack4growth.org\/2020\/wp-content\/uploads\/sites\/2\/2020\/06\/hack-4-growth-doi-moi-sang-tao-la-mot-hanh-trinh-khong-chi-la-mot-cuoc-thi-22052020-a-toandocx-1590558848502.jpeg 640w, https:\/\/www.hack4growth.org\/2020\/wp-content\/uploads\/sites\/2\/2020\/06\/hack-4-growth-doi-moi-sang-tao-la-mot-hanh-trinh-khong-chi-la-mot-cuoc-thi-22052020-a-toandocx-1590558848502-300x300.jpeg 300w, https:\/\/www.hack4growth.org\/2020\/wp-content\/uploads\/sites\/2\/2020\/06\/hack-4-growth-doi-moi-sang-tao-la-mot-hanh-trinh-khong-chi-la-mot-cuoc-thi-22052020-a-toandocx-1590558848502-150x150.jpeg 150w\" sizes=\"(max-width: 600px) 100vw, 600px\" \/>\n\t\t<\/div>\n\t\t<div class=\"title transition-300ms position-absolute position-left-bottom bg-primary-secondary w-100 px-4 py-3\">\n\t\t\t<h5 class=\"font-base font-weight-bolder text-truncate mt-2 mb-0\">Hack4Growth Covid Endgame &#8211; V\u00ec Vi\u1ec7t Nam c\u1ea7n b\u1ea1n<\/h5>\n\t\t\t<small class=\"title mb-1 text-white-75\"><i class=\"fa fa-clock-o\"><\/i>&nbsp; October 14, 2020<\/small>\n\t\t<\/div>\n\t\t<div class=\"excerpt opacity-0 transition-300ms d-block position-absolute position-left-top w-100 h-100 p-4 d-flex flex-column justify-content-between\" href=\"https:\/\/www.hack4growth.org\/2020\/vi\/2020\/10\/14\/hack4growth-covid-endgame-vi-viet-nam-can-ban\/\">\n\t\t\t<div>\n\t\t\t\t<h5 class=\"font-base font-weight-bolder my-2\">Hack4Growth Covid Endgame &#8211; V\u00ec Vi\u1ec7t Nam c\u1ea7n b\u1ea1n<\/h5>\n\t\t\t\t<small class=\"d-block my-3\"><i class=\"fa fa-clock-o\"><\/i>&nbsp;October 14, 2020<\/small>\n\t\t\t\t<p class=\"mb-2\"><\/p>\n\t\t\t<\/div>\n\t\t\t<div>\n\t\t\t\t<p class=\"mb-0\">View More &nbsp;<i class=\"fa fa-plus-circle\"><\/i><\/p>\n\t\t\t<\/div>\n\t\t<\/div>\n\t<\/a><\/div><div class=\"col-sm-6 col-lg-4 mb-4\">\n\t<a class=\"item d-block position-relative bg-primary-secondary text-white overflow-hidden\" href=\"https:\/\/www.hack4growth.org\/2020\/vi\/2020\/10\/07\/nicole-nguyen-hay-bat-dau-tu-nhung-suy-nghi-nho-be\/\">\n\t\t<div class=\"thumbnail transition-300ms bg-white-15 img-thumbcrop img-thumbcrop-md-4by3\"><img width=\"400\" height=\"600\" src=\"https:\/\/www.hack4growth.org\/2020\/wp-content\/uploads\/sites\/2\/2020\/10\/nicole-nguyen-hay-bat-dau-tu-suy-nghi-nho-be.jpg\" class=\"attachment-600x600 size-600x600 wp-post-image\" alt=\"\" loading=\"lazy\" srcset=\"https:\/\/www.hack4growth.org\/2020\/wp-content\/uploads\/sites\/2\/2020\/10\/nicole-nguyen-hay-bat-dau-tu-suy-nghi-nho-be.jpg 640w, https:\/\/www.hack4growth.org\/2020\/wp-content\/uploads\/sites\/2\/2020\/10\/nicole-nguyen-hay-bat-dau-tu-suy-nghi-nho-be-200x300.jpg 200w\" sizes=\"(max-width: 400px) 100vw, 400px\" \/>\n\t\t<\/div>\n\t\t<div class=\"title transition-300ms position-absolute position-left-bottom bg-primary-secondary w-100 px-4 py-3\">\n\t\t\t<h5 class=\"font-base font-weight-bolder text-truncate mt-2 mb-0\">Nicole Nguyen: H\u00e3y b\u1eaft \u0111\u1ea7u t\u1eeb nh\u1eefng suy ngh\u0129 nh\u1ecf b\u00e9!<\/h5>\n\t\t\t<small class=\"title mb-1 text-white-75\"><i class=\"fa fa-clock-o\"><\/i>&nbsp; October 7, 2020<\/small>\n\t\t<\/div>\n\t\t<div class=\"excerpt opacity-0 transition-300ms d-block position-absolute position-left-top w-100 h-100 p-4 d-flex flex-column justify-content-between\" href=\"https:\/\/www.hack4growth.org\/2020\/vi\/2020\/10\/07\/nicole-nguyen-hay-bat-dau-tu-nhung-suy-nghi-nho-be\/\">\n\t\t\t<div>\n\t\t\t\t<h5 class=\"font-base font-weight-bolder my-2\">Nicole Nguyen: H\u00e3y b\u1eaft \u0111\u1ea7u t\u1eeb nh\u1eefng suy ngh\u0129 nh\u1ecf b\u00e9!<\/h5>\n\t\t\t\t<small class=\"d-block my-3\"><i class=\"fa fa-clock-o\"><\/i>&nbsp;October 7, 2020<\/small>\n\t\t\t\t<p class=\"mb-2\">TGVN. CEO c\u1ee7a AVSE Corp &#8211; doanh nghi\u1ec7p x\u00e3 h\u1ed9i ti\u00ean phong v\u1ec1 \u0111\u1ed5i m\u1edbi v\u00e0 b\u1ec1n v\u1eefng c\u1ee7a T\u1ed5 [&hellip;]<\/p>\n\t\t\t<\/div>\n\t\t\t<div>\n\t\t\t\t<p class=\"mb-0\">View More &nbsp;<i class=\"fa fa-plus-circle\"><\/i><\/p>\n\t\t\t<\/div>\n\t\t<\/div>\n\t<\/a><\/div><div class=\"col-sm-6 col-lg-4 mb-4\">\n\t<a class=\"item d-block position-relative bg-primary-secondary text-white overflow-hidden\" href=\"https:\/\/www.hack4growth.org\/2020\/2020\/10\/07\/nicole-nguyen-hay-bat-dau-tu-suy-nghi-nho-be\/\">\n\t\t<div class=\"thumbnail transition-300ms bg-white-15 img-thumbcrop img-thumbcrop-md-4by3\"><img width=\"400\" height=\"600\" src=\"https:\/\/www.hack4growth.org\/2020\/wp-content\/uploads\/sites\/2\/2020\/10\/nicole-nguyen-hay-bat-dau-tu-suy-nghi-nho-be.jpg\" class=\"attachment-600x600 size-600x600 wp-post-image\" alt=\"\" loading=\"lazy\" srcset=\"https:\/\/www.hack4growth.org\/2020\/wp-content\/uploads\/sites\/2\/2020\/10\/nicole-nguyen-hay-bat-dau-tu-suy-nghi-nho-be.jpg 640w, https:\/\/www.hack4growth.org\/2020\/wp-content\/uploads\/sites\/2\/2020\/10\/nicole-nguyen-hay-bat-dau-tu-suy-nghi-nho-be-200x300.jpg 200w\" sizes=\"(max-width: 400px) 100vw, 400px\" \/>\n\t\t<\/div>\n\t\t<div class=\"title transition-300ms position-absolute position-left-bottom bg-primary-secondary w-100 px-4 py-3\">\n\t\t\t<h5 class=\"font-base font-weight-bolder text-truncate mt-2 mb-0\">Nicole Nguyen: Start With the Little Things<\/h5>\n\t\t\t<small class=\"title mb-1 text-white-75\"><i class=\"fa fa-clock-o\"><\/i>&nbsp; October 7, 2020<\/small>\n\t\t<\/div>\n\t\t<div class=\"excerpt opacity-0 transition-300ms d-block position-absolute position-left-top w-100 h-100 p-4 d-flex flex-column justify-content-between\" href=\"https:\/\/www.hack4growth.org\/2020\/2020\/10\/07\/nicole-nguyen-hay-bat-dau-tu-suy-nghi-nho-be\/\">\n\t\t\t<div>\n\t\t\t\t<h5 class=\"font-base font-weight-bolder my-2\">Nicole Nguyen: Start With the Little Things<\/h5>\n\t\t\t\t<small class=\"d-block my-3\"><i class=\"fa fa-clock-o\"><\/i>&nbsp;October 7, 2020<\/small>\n\t\t\t\t<p class=\"mb-2\">TGVN. CEO c\u1ee7a AVSE Corp &#8211; doanh nghi\u1ec7p x\u00e3 h\u1ed9i ti\u00ean phong v\u1ec1 \u0111\u1ed5i m\u1edbi v\u00e0 b\u1ec1n v\u1eefng c\u1ee7a T\u1ed5 [&hellip;]<\/p>\n\t\t\t<\/div>\n\t\t\t<div>\n\t\t\t\t<p class=\"mb-0\">View More &nbsp;<i class=\"fa fa-plus-circle\"><\/i><\/p>\n\t\t\t<\/div>\n\t\t<\/div>\n\t<\/a><\/div><\/div><button id=\"news_loadmore_button\" class=\"btn btn-gradient px-5 mt-4 text-uppercase d-block mx-auto\">Load more<\/button>\n","protected":false},"excerpt":{"rendered":"Popular Latest News","protected":false},"author":1,"featured_media":0,"parent":0,"menu_order":13,"comment_status":"closed","ping_status":"closed","template":"","meta":[],"_links":{"self":[{"href":"https:\/\/www.hack4growth.org\/2020\/wp-json\/wp\/v2\/pages\/966"}],"collection":[{"href":"https:\/\/www.hack4growth.org\/2020\/wp-json\/wp\/v2\/pages"}],"about":[{"href":"https:\/\/www.hack4growth.org\/2020\/wp-json\/wp\/v2\/types\/page"}],"author":[{"embeddable":true,"href":"https:\/\/www.hack4growth.org\/2020\/wp-json\/wp\/v2\/users\/1"}],"replies":[{"embeddable":true,"href":"https:\/\/www.hack4growth.org\/2020\/wp-json\/wp\/v2\/comments?post=966"}],"version-history":[{"count":0,"href":"https:\/\/www.hack4growth.org\/2020\/wp-json\/wp\/v2\/pages\/966\/revisions"}],"wp:attachment":[{"href":"https:\/\/www.hack4growth.org\/2020\/wp-json\/wp\/v2\/media?parent=966"}],"curies":[{"name":"wp","href":"https:\/\/api.w.org\/{rel}","templated":true}]}}